{"id":1493,"date":"2016-10-14T02:02:22","date_gmt":"2016-10-14T02:02:22","guid":{"rendered":"https:\/\/demo.wpthemego.com\/themes\/sw_revo\/?page_id=1493"},"modified":"2025-08-27T18:24:22","modified_gmt":"2025-08-27T16:24:22","slug":"ueber-uns","status":"publish","type":"page","link":"https:\/\/francevelos.com\/en\/ueber-uns\/","title":{"rendered":"\u00dcber uns"},"content":{"rendered":"<div data-elementor-type=\"wp-page\" data-elementor-id=\"1493\" class=\"elementor elementor-1493\">\n\t\t\t\t\t\t<section class=\"elementor-section elementor-top-section elementor-element elementor-element-365929d2 elementor-section-boxed elementor-section-height-default elementor-section-height-default wd-section-disabled\" data-id=\"365929d2\" data-element_type=\"section\">\n\t\t\t\t\t\t<div class=\"elementor-container elementor-column-gap-default\">\n\t\t\t\t\t<div class=\"elementor-column elementor-col-100 elementor-top-column elementor-element elementor-element-67a8339e\" data-id=\"67a8339e\" data-element_type=\"column\">\n\t\t\t<div class=\"elementor-widget-wrap elementor-element-populated\">\n\t\t\t\t\t\t<div class=\"elementor-element elementor-element-7a76de99 elementor-widget elementor-widget-image\" data-id=\"7a76de99\" data-element_type=\"widget\" data-widget_type=\"image.default\">\n\t\t\t\t<div class=\"elementor-widget-container\">\n\t\t\t\t\t\t\t\t\t\t\t\t\t\t\t<img fetchpriority=\"high\" decoding=\"async\" width=\"680\" height=\"510\" src=\"https:\/\/francevelos.com\/wp-content\/uploads\/2023\/08\/magasin-velos-Nantes.jpeg\" class=\"attachment-full size-full wp-image-79722\" alt=\"guckfahrrad\" srcset=\"https:\/\/francevelos.com\/wp-content\/uploads\/2023\/08\/magasin-velos-Nantes.jpeg 680w, https:\/\/francevelos.com\/wp-content\/uploads\/2023\/08\/magasin-velos-Nantes-430x323.jpeg 430w, https:\/\/francevelos.com\/wp-content\/uploads\/2023\/08\/magasin-velos-Nantes-150x113.jpeg 150w, https:\/\/francevelos.com\/wp-content\/uploads\/2023\/08\/magasin-velos-Nantes-400x300.jpeg 400w\" sizes=\"(max-width: 680px) 100vw, 680px\" title=\"guckfahrrad\" \/>\t\t\t\t\t\t\t\t\t\t\t\t\t\t\t<\/div>\n\t\t\t\t<\/div>\n\t\t\t\t\t<\/div>\n\t\t<\/div>\n\t\t\t\t\t<\/div>\n\t\t<\/section>\n\t\t\t\t<section class=\"elementor-section elementor-top-section elementor-element elementor-element-7b45f7ea elementor-section-boxed elementor-section-height-default elementor-section-height-default wd-section-disabled\" data-id=\"7b45f7ea\" data-element_type=\"section\">\n\t\t\t\t\t\t<div class=\"elementor-container elementor-column-gap-default\">\n\t\t\t\t\t<div class=\"elementor-column elementor-col-100 elementor-top-column elementor-element elementor-element-15f262a0\" data-id=\"15f262a0\" data-element_type=\"column\">\n\t\t\t<div class=\"elementor-widget-wrap elementor-element-populated\">\n\t\t\t\t\t\t<div class=\"elementor-element elementor-element-2ce774c6 elementor-widget elementor-widget-heading\" data-id=\"2ce774c6\" data-element_type=\"widget\" data-widget_type=\"heading.default\">\n\t\t\t\t<div class=\"elementor-widget-container\">\n\t\t\t\t\t<h2 class=\"elementor-heading-title elementor-size-default\">\u00fcber uns<\/h2>\t\t\t\t<\/div>\n\t\t\t\t<\/div>\n\t\t\t\t<div class=\"elementor-element elementor-element-7b1f230f color-scheme-inherit text-left elementor-widget elementor-widget-text-editor\" data-id=\"7b1f230f\" data-element_type=\"widget\" data-widget_type=\"text-editor.default\">\n\t\t\t\t<div class=\"elementor-widget-container\">\n\t\t\t\t\t\t\t\t\t<p><b>MEINRADLADEN<\/b> ist ein Zweirad Fachhandel, der Ihnen bedarfsgerechte <strong>Beratung, kundenfreundlichen Service<\/strong> bietet und in <strong>eigener Fahrradreparatur-, Meisterwerkstatt Fahrr\u00e4der<\/strong> wartet und pflegt.<\/p>\n<p>Dies sind die Fundamente unserer Firma. Eine <strong>gro\u00dfe Auswahl an Markenfahrr\u00e4dern<\/strong> steht in unserem Fahrradfachgesch\u00e4ft zur Besichtigung bereit.<\/p>\n<p>Zweir\u00e4der bringen Spa\u00df und Vergn\u00fcgen und tragen zeitgleich zur gesunden Bewegung bei. Wir haben es uns zum Ziel gesetzt, unsere eigene Freude am Fahrrad und der Bewegung auch Ihnen mit auf den Weg zu geben. Daher beraten wir umfassend und fachlich kompetent, k\u00f6nnen unser <strong>Wissen um neueste Trends<\/strong> rund um Fahrr\u00e4der und deren Zubeh\u00f6r in die Beratung einbringen und Vor- und Nachteile bestimmter Fahrr\u00e4der erl\u00e4utern. Damit gelingt es uns, Sie bei der Wahl des exakt passenden Gef\u00e4hrts zu unterst\u00fctzen.<\/p>\n<p>In unserem Ladengesch\u00e4ft und unserer Werkstatt arbeiten ausschlie\u00dflich Fachkr\u00e4fte, die Ihnen einen <strong>kompetenten<\/strong> <strong>Service<\/strong> anbieten k\u00f6nnen. Spezialisierte Mechaniker bringen Ihr Zweirad wieder in Schwung, \u00fcbernehmen Reparaturen und unterst\u00fctzen Sie bei allen eventuell anstehenden Problemen. Unsere Beratung h\u00f6rt nach dem Kauf nicht auf, wir sind auch danach jederzeit gerne f\u00fcr Sie da.<\/p>\t\t\t\t\t\t\t\t<\/div>\n\t\t\t\t<\/div>\n\t\t\t\t\t<\/div>\n\t\t<\/div>\n\t\t\t\t\t<\/div>\n\t\t<\/section>\n\t\t\t\t<section class=\"elementor-section elementor-top-section elementor-element elementor-element-caea7ac elementor-section-boxed elementor-section-height-default elementor-section-height-default wd-section-disabled\" data-id=\"caea7ac\" data-element_type=\"section\">\n\t\t\t\t\t\t<div class=\"elementor-container elementor-column-gap-default\">\n\t\t\t\t\t<div class=\"elementor-column elementor-col-100 elementor-top-column elementor-element elementor-element-eca5280\" data-id=\"eca5280\" data-element_type=\"column\">\n\t\t\t<div class=\"elementor-widget-wrap elementor-element-populated\">\n\t\t\t\t\t\t<div class=\"elementor-element elementor-element-442f2e2 color-scheme-inherit text-left elementor-widget elementor-widget-text-editor\" data-id=\"442f2e2\" data-element_type=\"widget\" data-widget_type=\"text-editor.default\">\n\t\t\t\t<div class=\"elementor-widget-container\">\n\t\t\t\t\t\t\t\t\t<h2 class=\"h1 nohr\">UNSER SERVICE F\u00dcR SIE<\/h2><div class=\"MB-008-text-image text-image--left\"><h3 class=\"h2 hr\">KOMPETENTE BERATUNG<\/h3><\/div>\t\t\t\t\t\t\t\t<\/div>\n\t\t\t\t<\/div>\n\t\t\t\t\t<\/div>\n\t\t<\/div>\n\t\t\t\t\t<\/div>\n\t\t<\/section>\n\t\t\t\t<section class=\"elementor-section elementor-top-section elementor-element elementor-element-8097293 elementor-section-boxed elementor-section-height-default elementor-section-height-default wd-section-disabled\" data-id=\"8097293\" data-element_type=\"section\">\n\t\t\t\t\t\t<div class=\"elementor-container elementor-column-gap-default\">\n\t\t\t\t\t<div class=\"elementor-column elementor-col-100 elementor-top-column elementor-element elementor-element-f96e3c7\" data-id=\"f96e3c7\" data-element_type=\"column\">\n\t\t\t<div class=\"elementor-widget-wrap elementor-element-populated\">\n\t\t\t\t\t\t<div class=\"elementor-element elementor-element-393ff8e elementor-widget-divider--view-line elementor-widget elementor-widget-divider\" data-id=\"393ff8e\" data-element_type=\"widget\" data-widget_type=\"divider.default\">\n\t\t\t\t<div class=\"elementor-widget-container\">\n\t\t\t\t\t\t\t<div class=\"elementor-divider\">\n\t\t\t<span class=\"elementor-divider-separator\">\n\t\t\t\t\t\t<\/span>\n\t\t<\/div>\n\t\t\t\t\t\t<\/div>\n\t\t\t\t<\/div>\n\t\t\t\t\t<\/div>\n\t\t<\/div>\n\t\t\t\t\t<\/div>\n\t\t<\/section>\n\t\t\t\t<section class=\"elementor-section elementor-top-section elementor-element elementor-element-9045de6 elementor-section-boxed elementor-section-height-default elementor-section-height-default wd-section-disabled\" data-id=\"9045de6\" data-element_type=\"section\">\n\t\t\t\t\t\t<div class=\"elementor-container elementor-column-gap-default\">\n\t\t\t\t\t<div class=\"elementor-column elementor-col-50 elementor-top-column elementor-element elementor-element-5c9ec6b\" data-id=\"5c9ec6b\" data-element_type=\"column\">\n\t\t\t<div class=\"elementor-widget-wrap elementor-element-populated\">\n\t\t\t\t\t\t<div class=\"elementor-element elementor-element-6fa210b elementor-widget elementor-widget-image\" data-id=\"6fa210b\" data-element_type=\"widget\" data-widget_type=\"image.default\">\n\t\t\t\t<div class=\"elementor-widget-container\">\n\t\t\t\t\t\t\t\t\t\t\t\t\t\t\t<img decoding=\"async\" width=\"680\" height=\"454\" src=\"https:\/\/francevelos.com\/wp-content\/uploads\/2023\/08\/velo-electrique-de-ville.jpg\" class=\"attachment-large size-large wp-image-79723\" alt=\"guckfahrrad\" srcset=\"https:\/\/francevelos.com\/wp-content\/uploads\/2023\/08\/velo-electrique-de-ville.jpg 680w, https:\/\/francevelos.com\/wp-content\/uploads\/2023\/08\/velo-electrique-de-ville-430x287.jpg 430w, https:\/\/francevelos.com\/wp-content\/uploads\/2023\/08\/velo-electrique-de-ville-150x100.jpg 150w, https:\/\/francevelos.com\/wp-content\/uploads\/2023\/08\/velo-electrique-de-ville-400x267.jpg 400w\" sizes=\"(max-width: 680px) 100vw, 680px\" title=\"\" \/>\t\t\t\t\t\t\t\t\t\t\t\t\t\t\t<\/div>\n\t\t\t\t<\/div>\n\t\t\t\t\t<\/div>\n\t\t<\/div>\n\t\t\t\t<div class=\"elementor-column elementor-col-50 elementor-top-column elementor-element elementor-element-5b6faf7\" data-id=\"5b6faf7\" data-element_type=\"column\">\n\t\t\t<div class=\"elementor-widget-wrap elementor-element-populated\">\n\t\t\t\t\t\t<div class=\"elementor-element elementor-element-67d3f64 color-scheme-inherit text-left elementor-widget elementor-widget-text-editor\" data-id=\"67d3f64\" data-element_type=\"widget\" data-widget_type=\"text-editor.default\">\n\t\t\t\t<div class=\"elementor-widget-container\">\n\t\t\t\t\t\t\t\t\t<h3 class=\"subheadline\">Dank professioneller Beratung finden Sie das passende Rad<\/h3><div class=\"paragraph\"><p>Wir bieten unseren Kunden eine erstklassige Auswahl an Marken und Modellen kombiniert mit der fachkundigen Beratung unserer speziell geschulten Mitarbeiter. So erhalten Sie alle wichtigen Informationen rund um die Feinheiten des pulsierenden E-Bike-Marktes, die Sie f\u00fcr eine wirklich fundierte Kaufentscheidung ben\u00f6tigen.\u00a0<\/p><\/div>\t\t\t\t\t\t\t\t<\/div>\n\t\t\t\t<\/div>\n\t\t\t\t\t<\/div>\n\t\t<\/div>\n\t\t\t\t\t<\/div>\n\t\t<\/section>\n\t\t\t\t<section class=\"elementor-section elementor-top-section elementor-element elementor-element-5a3c9c7 elementor-section-boxed elementor-section-height-default elementor-section-height-default wd-section-disabled\" data-id=\"5a3c9c7\" data-element_type=\"section\">\n\t\t\t\t\t\t<div class=\"elementor-container elementor-column-gap-default\">\n\t\t\t\t\t<div class=\"elementor-column elementor-col-100 elementor-top-column elementor-element elementor-element-a43f253\" data-id=\"a43f253\" data-element_type=\"column\">\n\t\t\t<div class=\"elementor-widget-wrap elementor-element-populated\">\n\t\t\t\t\t\t<div class=\"elementor-element elementor-element-66942db elementor-widget-divider--view-line elementor-widget elementor-widget-divider\" data-id=\"66942db\" data-element_type=\"widget\" data-widget_type=\"divider.default\">\n\t\t\t\t<div class=\"elementor-widget-container\">\n\t\t\t\t\t\t\t<div class=\"elementor-divider\">\n\t\t\t<span class=\"elementor-divider-separator\">\n\t\t\t\t\t\t<\/span>\n\t\t<\/div>\n\t\t\t\t\t\t<\/div>\n\t\t\t\t<\/div>\n\t\t\t\t\t<\/div>\n\t\t<\/div>\n\t\t\t\t\t<\/div>\n\t\t<\/section>\n\t\t\t\t<section class=\"elementor-section elementor-top-section elementor-element elementor-element-bf8175a elementor-section-boxed elementor-section-height-default elementor-section-height-default wd-section-disabled\" data-id=\"bf8175a\" data-element_type=\"section\">\n\t\t\t\t\t\t<div class=\"elementor-container elementor-column-gap-default\">\n\t\t\t\t\t<div class=\"elementor-column elementor-col-50 elementor-top-column elementor-element elementor-element-a497bef\" data-id=\"a497bef\" data-element_type=\"column\">\n\t\t\t<div class=\"elementor-widget-wrap elementor-element-populated\">\n\t\t\t\t\t\t<div class=\"elementor-element elementor-element-9cec1c5 color-scheme-inherit text-left elementor-widget elementor-widget-text-editor\" data-id=\"9cec1c5\" data-element_type=\"widget\" data-widget_type=\"text-editor.default\">\n\t\t\t\t<div class=\"elementor-widget-container\">\n\t\t\t\t\t\t\t\t\t<h3>Zertifizierter Service in der Qualit\u00e4tswerkstatt<\/h3><p>Genauso rasant, wie sich die\u00a0Technik des Fahrrades\u00a0in den letzten Jahren entwickelt hat, sind auch die Anforderungen an die Werkstatt gestiegen. Als stolzer Tr\u00e4ger des Zertifikats &#8222;Qualit\u00e4tswerkstatt&#8220; arbeiten wir auf Basis h\u00f6chster Standards und bieten unseren Kunden maximale Sicherheit und herausragenden Service bei allen Werkstattleistungen.<\/p><p>Um den hohen Anforderungen und Anspr\u00fcchen gerecht zu werden, haben wir uns strengen Richtlinien unterworfen, die durch den T\u00fcV Nord st\u00e4ndig \u00fcberpr\u00fcft werden. Dazu geh\u00f6rt neben unangek\u00fcndigten Tests u.a. die kontinuierliche Schulung unserer Mitarbeiter und der Austausch innerhalb des europaweit gr\u00f6\u00dften Netzwerks von 960 unabh\u00e4ngigen Fahrrad-Fachh\u00e4ndlern. Auf diese Weise stellen wir stets aktuelles Wissen rund um neueste Entwicklungen der Fahrrad-Technik sowie die st\u00e4ndige Optimierung von Werkstatt-Prozessen sicher.<\/p>\t\t\t\t\t\t\t\t<\/div>\n\t\t\t\t<\/div>\n\t\t\t\t\t<\/div>\n\t\t<\/div>\n\t\t\t\t<div class=\"elementor-column elementor-col-50 elementor-top-column elementor-element elementor-element-9802f28\" data-id=\"9802f28\" data-element_type=\"column\">\n\t\t\t<div class=\"elementor-widget-wrap elementor-element-populated\">\n\t\t\t\t\t\t<div class=\"elementor-element elementor-element-eeb65a5 elementor-widget elementor-widget-image\" data-id=\"eeb65a5\" data-element_type=\"widget\" data-widget_type=\"image.default\">\n\t\t\t\t<div class=\"elementor-widget-container\">\n\t\t\t\t\t\t\t\t\t\t\t\t\t\t\t<img decoding=\"async\" width=\"680\" height=\"453\" src=\"https:\/\/francevelos.com\/wp-content\/uploads\/2023\/08\/Gen-Flyer-0331.jpg\" class=\"attachment-large size-large wp-image-79725\" alt=\"guckfahrrad\" srcset=\"https:\/\/francevelos.com\/wp-content\/uploads\/2023\/08\/Gen-Flyer-0331.jpg 680w, https:\/\/francevelos.com\/wp-content\/uploads\/2023\/08\/Gen-Flyer-0331-430x286.jpg 430w, https:\/\/francevelos.com\/wp-content\/uploads\/2023\/08\/Gen-Flyer-0331-150x100.jpg 150w, https:\/\/francevelos.com\/wp-content\/uploads\/2023\/08\/Gen-Flyer-0331-400x266.jpg 400w\" sizes=\"(max-width: 680px) 100vw, 680px\" title=\"guckfahrrad\" \/>\t\t\t\t\t\t\t\t\t\t\t\t\t\t\t<\/div>\n\t\t\t\t<\/div>\n\t\t\t\t\t<\/div>\n\t\t<\/div>\n\t\t\t\t\t<\/div>\n\t\t<\/section>\n\t\t\t\t<\/div>","protected":false},"excerpt":{"rendered":"<p>\u00fcber uns MEINRADLADEN ist ein Zweirad Fachhandel, der Ihnen bedarfsgerechte Beratung, kundenfreundlichen Service bietet und in eigener Fahrradreparatur-, Meisterwerkstatt Fahrr\u00e4der<\/p>","protected":false},"author":10,"featured_media":0,"parent":0,"menu_order":0,"comment_status":"closed","ping_status":"closed","template":"","meta":{"_rtcl_gb_attr":"","footnotes":""},"class_list":["post-1493","page","type-page","status-publish","hentry"],"yoast_head":"<!-- This site is optimized with the Yoast SEO Premium plugin v20.12 (Yoast SEO v25.8) - https:\/\/yoast.com\/wordpress\/plugins\/seo\/ -->\n<title>\u00dcber uns \u25b7 meinradladen.com<\/title>\n<meta name=\"description\" content=\"Fahrrad, Zubeh\u00f6r &amp; Kleidung \u27a4 \u00dcber 600 Top-Marken \u2713 T\u00e4glich Angebote \u2713 professionelle Beratung \u2713 Filialen &amp; Service vor Ort \u27a4 Jetzt mit Aufbauservice!\" \/>\n<meta name=\"robots\" content=\"index, follow, max-snippet:-1, max-image-preview:large, max-video-preview:-1\" \/>\n<link rel=\"canonical\" href=\"https:\/\/francevelos.com\/en\/ueber-uns\/\" \/>\n<meta property=\"og:locale\" content=\"en_US\" \/>\n<meta property=\"og:type\" content=\"article\" \/>\n<meta property=\"og:title\" content=\"\u00dcber uns\" \/>\n<meta property=\"og:description\" content=\"Entdecken Sie unseren Online-Fahrradladen: Gro\u00dfe Auswahl an Modellen f\u00fcr alle Radsportbegeisterten. Von Rennr\u00e4dern bis zu Mountainbikes - finden Sie heute Ihren perfekten Wegbegleiter!\" \/>\n<meta property=\"og:url\" content=\"https:\/\/francevelos.com\/en\/ueber-uns\/\" \/>\n<meta property=\"og:site_name\" content=\"meinradladen.com\" \/>\n<meta property=\"article:modified_time\" content=\"2025-08-27T16:24:22+00:00\" \/>\n<meta property=\"og:image\" content=\"https:\/\/francevelos.com\/wp-content\/uploads\/2023\/08\/magasin-velos-Nantes.jpeg\" \/>\n\t<meta property=\"og:image:width\" content=\"680\" \/>\n\t<meta property=\"og:image:height\" content=\"510\" \/>\n\t<meta property=\"og:image:type\" content=\"image\/jpeg\" \/>\n<meta name=\"twitter:card\" content=\"summary_large_image\" \/>\n<meta name=\"twitter:label1\" content=\"Est. reading time\" \/>\n\t<meta name=\"twitter:data1\" content=\"3 minutes\" \/>\n<script type=\"application\/ld+json\" class=\"yoast-schema-graph\">{\"@context\":\"https:\/\/schema.org\",\"@graph\":[{\"@type\":\"WebPage\",\"@id\":\"https:\/\/francevelos.com\/ueber-uns\/\",\"url\":\"https:\/\/francevelos.com\/ueber-uns\/\",\"name\":\"\u00dcber uns \u25b7 meinradladen.com\",\"isPartOf\":{\"@id\":\"https:\/\/francevelos.com\/#website\"},\"primaryImageOfPage\":{\"@id\":\"https:\/\/francevelos.com\/ueber-uns\/#primaryimage\"},\"image\":{\"@id\":\"https:\/\/francevelos.com\/ueber-uns\/#primaryimage\"},\"thumbnailUrl\":\"https:\/\/francevelos.com\/wp-content\/uploads\/2023\/08\/magasin-velos-Nantes.jpeg\",\"datePublished\":\"2016-10-14T02:02:22+00:00\",\"dateModified\":\"2025-08-27T16:24:22+00:00\",\"description\":\"Fahrrad, Zubeh\u00f6r & Kleidung \u27a4 \u00dcber 600 Top-Marken \u2713 T\u00e4glich Angebote \u2713 professionelle Beratung \u2713 Filialen & Service vor Ort \u27a4 Jetzt mit Aufbauservice!\",\"breadcrumb\":{\"@id\":\"https:\/\/francevelos.com\/ueber-uns\/#breadcrumb\"},\"inLanguage\":\"en-US\",\"potentialAction\":[{\"@type\":\"ReadAction\",\"target\":[\"https:\/\/francevelos.com\/ueber-uns\/\"]}]},{\"@type\":\"ImageObject\",\"inLanguage\":\"en-US\",\"@id\":\"https:\/\/francevelos.com\/ueber-uns\/#primaryimage\",\"url\":\"https:\/\/francevelos.com\/wp-content\/uploads\/2023\/08\/magasin-velos-Nantes.jpeg\",\"contentUrl\":\"https:\/\/francevelos.com\/wp-content\/uploads\/2023\/08\/magasin-velos-Nantes.jpeg\"},{\"@type\":\"BreadcrumbList\",\"@id\":\"https:\/\/francevelos.com\/ueber-uns\/#breadcrumb\",\"itemListElement\":[{\"@type\":\"ListItem\",\"position\":1,\"name\":\"Startseite\",\"item\":\"https:\/\/francevelos.com\/\"},{\"@type\":\"ListItem\",\"position\":2,\"name\":\"\u00dcber uns\"}]},{\"@type\":\"WebSite\",\"@id\":\"https:\/\/francevelos.com\/#website\",\"url\":\"https:\/\/francevelos.com\/\",\"name\":\"meinradladen.com\",\"description\":\"Treten Sie mit uns ins Abenteuer!\",\"publisher\":{\"@id\":\"https:\/\/francevelos.com\/#organization\"},\"alternateName\":\"MEIN RADLADEN\",\"potentialAction\":[{\"@type\":\"SearchAction\",\"target\":{\"@type\":\"EntryPoint\",\"urlTemplate\":\"https:\/\/francevelos.com\/?s={search_term_string}\"},\"query-input\":{\"@type\":\"PropertyValueSpecification\",\"valueRequired\":true,\"valueName\":\"search_term_string\"}}],\"inLanguage\":\"en-US\"},{\"@type\":\"Organization\",\"@id\":\"https:\/\/francevelos.com\/#organization\",\"name\":\"MEINRADLADEN\",\"alternateName\":\"MEIN RADLADEN\",\"url\":\"https:\/\/francevelos.com\/\",\"logo\":{\"@type\":\"ImageObject\",\"inLanguage\":\"en-US\",\"@id\":\"https:\/\/francevelos.com\/#\/schema\/logo\/image\/\",\"url\":\"https:\/\/francevelos.com\/wp-content\/uploads\/2025\/07\/logo-Whit.svg\",\"contentUrl\":\"https:\/\/francevelos.com\/wp-content\/uploads\/2025\/07\/logo-Whit.svg\",\"width\":1640,\"height\":371,\"caption\":\"MEINRADLADEN\"},\"image\":{\"@id\":\"https:\/\/francevelos.com\/#\/schema\/logo\/image\/\"}}]}<\/script>\n<!-- \/ Yoast SEO Premium plugin. -->","yoast_head_json":{"title":"\u00dcber uns \u25b7 meinradladen.com","description":"Fahrrad, Zubeh\u00f6r & Kleidung \u27a4 \u00dcber 600 Top-Marken \u2713 T\u00e4glich Angebote \u2713 professionelle Beratung \u2713 Filialen & Service vor Ort \u27a4 Jetzt mit Aufbauservice!","robots":{"index":"index","follow":"follow","max-snippet":"max-snippet:-1","max-image-preview":"max-image-preview:large","max-video-preview":"max-video-preview:-1"},"canonical":"https:\/\/francevelos.com\/en\/ueber-uns\/","og_locale":"en_US","og_type":"article","og_title":"\u00dcber uns","og_description":"Entdecken Sie unseren Online-Fahrradladen: Gro\u00dfe Auswahl an Modellen f\u00fcr alle Radsportbegeisterten. Von Rennr\u00e4dern bis zu Mountainbikes - finden Sie heute Ihren perfekten Wegbegleiter!","og_url":"https:\/\/francevelos.com\/en\/ueber-uns\/","og_site_name":"meinradladen.com","article_modified_time":"2025-08-27T16:24:22+00:00","og_image":[{"width":680,"height":510,"url":"https:\/\/francevelos.com\/wp-content\/uploads\/2023\/08\/magasin-velos-Nantes.jpeg","type":"image\/jpeg"}],"twitter_card":"summary_large_image","twitter_misc":{"Est. reading time":"3 minutes"},"schema":{"@context":"https:\/\/schema.org","@graph":[{"@type":"WebPage","@id":"https:\/\/francevelos.com\/ueber-uns\/","url":"https:\/\/francevelos.com\/ueber-uns\/","name":"\u00dcber uns \u25b7 meinradladen.com","isPartOf":{"@id":"https:\/\/francevelos.com\/#website"},"primaryImageOfPage":{"@id":"https:\/\/francevelos.com\/ueber-uns\/#primaryimage"},"image":{"@id":"https:\/\/francevelos.com\/ueber-uns\/#primaryimage"},"thumbnailUrl":"https:\/\/francevelos.com\/wp-content\/uploads\/2023\/08\/magasin-velos-Nantes.jpeg","datePublished":"2016-10-14T02:02:22+00:00","dateModified":"2025-08-27T16:24:22+00:00","description":"Fahrrad, Zubeh\u00f6r & Kleidung \u27a4 \u00dcber 600 Top-Marken \u2713 T\u00e4glich Angebote \u2713 professionelle Beratung \u2713 Filialen & Service vor Ort \u27a4 Jetzt mit Aufbauservice!","breadcrumb":{"@id":"https:\/\/francevelos.com\/ueber-uns\/#breadcrumb"},"inLanguage":"en-US","potentialAction":[{"@type":"ReadAction","target":["https:\/\/francevelos.com\/ueber-uns\/"]}]},{"@type":"ImageObject","inLanguage":"en-US","@id":"https:\/\/francevelos.com\/ueber-uns\/#primaryimage","url":"https:\/\/francevelos.com\/wp-content\/uploads\/2023\/08\/magasin-velos-Nantes.jpeg","contentUrl":"https:\/\/francevelos.com\/wp-content\/uploads\/2023\/08\/magasin-velos-Nantes.jpeg"},{"@type":"BreadcrumbList","@id":"https:\/\/francevelos.com\/ueber-uns\/#breadcrumb","itemListElement":[{"@type":"ListItem","position":1,"name":"Startseite","item":"https:\/\/francevelos.com\/"},{"@type":"ListItem","position":2,"name":"\u00dcber uns"}]},{"@type":"WebSite","@id":"https:\/\/francevelos.com\/#website","url":"https:\/\/francevelos.com\/","name":"meinradladen.com","description":"Treten Sie mit uns ins Abenteuer!","publisher":{"@id":"https:\/\/francevelos.com\/#organization"},"alternateName":"MEIN RADLADEN","potentialAction":[{"@type":"SearchAction","target":{"@type":"EntryPoint","urlTemplate":"https:\/\/francevelos.com\/?s={search_term_string}"},"query-input":{"@type":"PropertyValueSpecification","valueRequired":true,"valueName":"search_term_string"}}],"inLanguage":"en-US"},{"@type":"Organization","@id":"https:\/\/francevelos.com\/#organization","name":"MEINRADLADEN","alternateName":"MEIN RADLADEN","url":"https:\/\/francevelos.com\/","logo":{"@type":"ImageObject","inLanguage":"en-US","@id":"https:\/\/francevelos.com\/#\/schema\/logo\/image\/","url":"https:\/\/francevelos.com\/wp-content\/uploads\/2025\/07\/logo-Whit.svg","contentUrl":"https:\/\/francevelos.com\/wp-content\/uploads\/2025\/07\/logo-Whit.svg","width":1640,"height":371,"caption":"MEINRADLADEN"},"image":{"@id":"https:\/\/francevelos.com\/#\/schema\/logo\/image\/"}}]}},"_links":{"self":[{"href":"https:\/\/francevelos.com\/en\/wp-json\/wp\/v2\/pages\/1493","targetHints":{"allow":["GET"]}}],"collection":[{"href":"https:\/\/francevelos.com\/en\/wp-json\/wp\/v2\/pages"}],"about":[{"href":"https:\/\/francevelos.com\/en\/wp-json\/wp\/v2\/types\/page"}],"author":[{"embeddable":true,"href":"https:\/\/francevelos.com\/en\/wp-json\/wp\/v2\/users\/10"}],"replies":[{"embeddable":true,"href":"https:\/\/francevelos.com\/en\/wp-json\/wp\/v2\/comments?post=1493"}],"version-history":[{"count":0,"href":"https:\/\/francevelos.com\/en\/wp-json\/wp\/v2\/pages\/1493\/revisions"}],"wp:attachment":[{"href":"https:\/\/francevelos.com\/en\/wp-json\/wp\/v2\/media?parent=1493"}],"curies":[{"name":"wp","href":"https:\/\/api.w.org\/{rel}","templated":true}]}}