{"id":70945,"date":"2023-03-10T19:23:02","date_gmt":"2023-03-10T18:23:02","guid":{"rendered":"https:\/\/kulturbike.de\/?page_id=70945"},"modified":"2025-08-27T19:10:07","modified_gmt":"2025-08-27T17:10:07","slug":"impressum","status":"publish","type":"page","link":"https:\/\/francevelos.com\/en\/impressum\/","title":{"rendered":"Impressum"},"content":{"rendered":"<div data-elementor-type=\"wp-page\" data-elementor-id=\"70945\" class=\"elementor elementor-70945\">\n\t\t\t\t\t\t<section class=\"elementor-section elementor-top-section elementor-element elementor-element-4971a79 elementor-section-boxed elementor-section-height-default elementor-section-height-default wd-section-disabled\" data-id=\"4971a79\" data-element_type=\"section\">\n\t\t\t\t\t\t<div class=\"elementor-container elementor-column-gap-default\">\n\t\t\t\t\t<div class=\"elementor-column elementor-col-100 elementor-top-column elementor-element elementor-element-a7882c3\" data-id=\"a7882c3\" data-element_type=\"column\">\n\t\t\t<div class=\"elementor-widget-wrap elementor-element-populated\">\n\t\t\t\t\t\t<div class=\"elementor-element elementor-element-0e475f2 color-scheme-inherit text-left elementor-widget elementor-widget-text-editor\" data-id=\"0e475f2\" data-element_type=\"widget\" data-widget_type=\"text-editor.default\">\n\t\t\t\t<div class=\"elementor-widget-container\">\n\t\t\t\t\t\t\t\t\t<h2><strong>Impressum<\/strong><\/h2><p>Die MEINRADLADEN LTD ist eine Gesellschaft mit beschr\u00e4nkter Haftung mit einem Stammkapital von 100.000 Euro und hat ihren Sitz in 71-75 Shelton Street.<br \/>Covent Garden<br \/>London<br \/>WC2H 9JQ<br \/>VEREINIGTES K\u00d6NIGREICH,<br \/>UNTERNEHMENSNUMMER: 14186584<\/p><p>Handelsname:\u00a0<span style=\"font-family: Lato, Arial, Helvetica, sans-serif; font-size: 14px; font-style: normal; font-variant-ligatures: normal; font-variant-caps: normal; font-weight: 400;\">MEINRADLADEN<\/span><br \/>Adresse: Stapelfeldtstra\u00dfe 9,\u00a0 28237 Bremen, Deutschland<\/p><h4><strong>Kontakt<\/strong><\/h4><p>Telefon: +49 (176) 838-60622<br \/>E-Mail: kontakt@meinradladen.com<\/p><h4><strong>Umsatzsteuer-ID<\/strong><\/h4><h5><strong>Umsatzsteuer-Identifikationsnummer gem\u00e4\u00df \u00a7 27 a Umsatzsteuergesetz: 15117114<\/strong><\/h5><h4>Angaben zur Berufshaftpflichtversicherung<\/h4><h4><strong>EU-Streitschlichtung<\/strong><\/h4><p>Die Europ\u00e4ische Kommission stellt eine Plattform zur Online-Streitbeilegung (OS) bereit:<br \/>https:\/\/ec.europa.eu\/consumers\/odr\/.<br \/>Unsere E-Mail-Adresse finden Sie oben im Impressum.<\/p><h4><strong>Verbraucherstreitbeilegung\/Universalschlichtungsstelle<\/strong><\/h4><p>Wir sind nicht bereit oder verpflichtet, an Streitbeilegungsverfahren vor einer<br \/>Verbraucherschlichtungsstelle teilzunehmen.<\/p><h3>\u00a0<\/h3><h3><strong>Disclaimer<\/strong><\/h3><h4><strong>Haftung f\u00fcr Inhalte<\/strong><\/h4><p>Die Inhalte unserer Seiten wurden mit gro\u00dfer Sorgfalt erstellt. F\u00fcr die Richtigkeit, Vollst\u00e4ndigkeit und Aktualit\u00e4t der Inhalte k\u00f6nnen wir keine Gew\u00e4hr \u00fcbernehmen.<br \/>Als Diensteanbieter sind wir gem\u00e4\u00df \u00a7 7 Abs.1 TMG f\u00fcr eigene Inhalte auf diesen Seiten nach den allgemeinen Gesetzen und regulatorischen Vorgaben verantwortlich.<br \/>Nach \u00a7\u00a7 8 bis 10 TMG sind wir als Diensteanbieter jedoch nicht verpflichtet, \u00fcbermittelte oder gespeicherte fremde Informationen zu \u00fcberwachen oder nach Umst\u00e4nden zu forschen, die auf eine rechtswidrige T\u00e4tigkeit hinweisen.<br \/>Verpflichtungen zur Entfernung oder Sperrung der Nutzung von Informationen nach den aktuell g\u00fcltigen Gesetzen bleiben hiervon unber\u00fchrt. Eine diesbez\u00fcgliche Haftung ist jedoch erst ab dem Zeitpunkt der Kenntnis einer konkreten Rechtsverletzung m\u00f6glich. Bei bekannt werden von entsprechenden Rechtsverletzungen werden diese Inhalte umgehend entfernt. Besteht die Verpflichtung zur Information von Strafverfolgungsbeh\u00f6rden werden entsprechende Inhalte an diese \u00fcbermittelt.<\/p><h4><strong>Urheberrecht<\/strong><\/h4><p>Die durch die Seitenbetreiber erstellten Inhalte und Werke auf diesen Seiten unterliegen dem deutschen Urheberrecht. Beitr\u00e4ge Dritter sind als solche gekennzeichnet.<br \/>Die Vervielf\u00e4ltigung, Bearbeitung, Verbreitung und jede Art der Verwertung au\u00dferhalb der Grenzen des Urheberrechtes bed\u00fcrfen der schriftlichen Zustimmung des jeweiligen Autors bzw. Erstellers.<br \/>Alle vom deutschen Urheber- und Leistungsschutzrecht nicht zugelassene Verwertungen bed\u00fcrfen der vorherigen schriftlichen Zustimmung des Anbieters oder jeweiligen Rechteinhabers.<br \/>Dies gilt vor allem f\u00fcr Vervielf\u00e4ltigung, Bearbeitung, \u00dcbersetzung, Einspeicherung, Verarbeitung bzw. Wiedergabe von Inhalten in Datenbanken oder anderen elektronischen Medien und Systemen.<br \/>Downloads und Kopien dieser Seite sind nur f\u00fcr den privaten, nicht kommerziellen Gebrauch gestattet.<br \/>Die Betreiber der Seiten sind bem\u00fcht, stets die Urheberrechte anderer zu beachten bzw. auf selbst erstellte sowie lizenzfreie Werke zur\u00fcckzugreifen.<\/p>\t\t\t\t\t\t\t\t<\/div>\n\t\t\t\t<\/div>\n\t\t\t\t\t<\/div>\n\t\t<\/div>\n\t\t\t\t\t<\/div>\n\t\t<\/section>\n\t\t\t\t<\/div>","protected":false},"excerpt":{"rendered":"<p>Impressum Die MEINRADLADEN LTD ist eine Gesellschaft mit beschr\u00e4nkter Haftung mit einem Stammkapital von 100.000 Euro und hat ihren Sitz<\/p>","protected":false},"author":10,"featured_media":0,"parent":0,"menu_order":0,"comment_status":"closed","ping_status":"closed","template":"","meta":{"_rtcl_gb_attr":"","footnotes":""},"class_list":["post-70945","page","type-page","status-publish","hentry"],"yoast_head":"<!-- This site is optimized with the Yoast SEO Premium plugin v20.12 (Yoast SEO v25.8) - https:\/\/yoast.com\/wordpress\/plugins\/seo\/ -->\n<title>Impressum - meinradladen.com<\/title>\n<meta name=\"description\" content=\"Die Inhalte unserer Seiten wurden mit gr\u00f6\u00dftm\u00f6glicher Sorgfalt erstellt. F\u00fcr die Richtigkeit, Vollst\u00e4ndigkeit und Aktualit\u00e4t der\" \/>\n<meta name=\"robots\" content=\"index, follow, max-snippet:-1, max-image-preview:large, max-video-preview:-1\" \/>\n<link rel=\"canonical\" href=\"https:\/\/francevelos.com\/en\/impressum\/\" \/>\n<meta property=\"og:locale\" content=\"en_US\" \/>\n<meta property=\"og:type\" content=\"article\" \/>\n<meta property=\"og:title\" content=\"Impressum\" \/>\n<meta property=\"og:description\" content=\"Entdecken Sie unseren Online-Fahrradladen: Gro\u00dfe Auswahl an Modellen f\u00fcr alle Radsportbegeisterten. Von Rennr\u00e4dern bis zu Mountainbikes - finden Sie heute Ihren perfekten Wegbegleiter!\" \/>\n<meta property=\"og:url\" content=\"https:\/\/francevelos.com\/en\/impressum\/\" \/>\n<meta property=\"og:site_name\" content=\"meinradladen.com\" \/>\n<meta property=\"article:modified_time\" content=\"2025-08-27T17:10:07+00:00\" \/>\n<meta property=\"og:image\" content=\"https:\/\/francevelos.com\/wp-content\/uploads\/2025\/07\/trekking.webp\" \/>\n\t<meta property=\"og:image:width\" content=\"640\" \/>\n\t<meta property=\"og:image:height\" content=\"426\" \/>\n\t<meta property=\"og:image:type\" content=\"image\/webp\" \/>\n<meta name=\"twitter:card\" content=\"summary_large_image\" \/>\n<meta name=\"twitter:label1\" content=\"Est. reading time\" \/>\n\t<meta name=\"twitter:data1\" content=\"2 minutes\" \/>\n<script type=\"application\/ld+json\" class=\"yoast-schema-graph\">{\"@context\":\"https:\/\/schema.org\",\"@graph\":[{\"@type\":\"WebPage\",\"@id\":\"https:\/\/francevelos.com\/impressum\/\",\"url\":\"https:\/\/francevelos.com\/impressum\/\",\"name\":\"Impressum - meinradladen.com\",\"isPartOf\":{\"@id\":\"https:\/\/francevelos.com\/#website\"},\"datePublished\":\"2023-03-10T18:23:02+00:00\",\"dateModified\":\"2025-08-27T17:10:07+00:00\",\"description\":\"Die Inhalte unserer Seiten wurden mit gr\u00f6\u00dftm\u00f6glicher Sorgfalt erstellt. F\u00fcr die Richtigkeit, Vollst\u00e4ndigkeit und Aktualit\u00e4t der\",\"breadcrumb\":{\"@id\":\"https:\/\/francevelos.com\/impressum\/#breadcrumb\"},\"inLanguage\":\"en-US\",\"potentialAction\":[{\"@type\":\"ReadAction\",\"target\":[\"https:\/\/francevelos.com\/impressum\/\"]}]},{\"@type\":\"BreadcrumbList\",\"@id\":\"https:\/\/francevelos.com\/impressum\/#breadcrumb\",\"itemListElement\":[{\"@type\":\"ListItem\",\"position\":1,\"name\":\"Startseite\",\"item\":\"https:\/\/francevelos.com\/\"},{\"@type\":\"ListItem\",\"position\":2,\"name\":\"Impressum\"}]},{\"@type\":\"WebSite\",\"@id\":\"https:\/\/francevelos.com\/#website\",\"url\":\"https:\/\/francevelos.com\/\",\"name\":\"meinradladen.com\",\"description\":\"Treten Sie mit uns ins Abenteuer!\",\"publisher\":{\"@id\":\"https:\/\/francevelos.com\/#organization\"},\"alternateName\":\"MEIN RADLADEN\",\"potentialAction\":[{\"@type\":\"SearchAction\",\"target\":{\"@type\":\"EntryPoint\",\"urlTemplate\":\"https:\/\/francevelos.com\/?s={search_term_string}\"},\"query-input\":{\"@type\":\"PropertyValueSpecification\",\"valueRequired\":true,\"valueName\":\"search_term_string\"}}],\"inLanguage\":\"en-US\"},{\"@type\":\"Organization\",\"@id\":\"https:\/\/francevelos.com\/#organization\",\"name\":\"MEINRADLADEN\",\"alternateName\":\"MEIN RADLADEN\",\"url\":\"https:\/\/francevelos.com\/\",\"logo\":{\"@type\":\"ImageObject\",\"inLanguage\":\"en-US\",\"@id\":\"https:\/\/francevelos.com\/#\/schema\/logo\/image\/\",\"url\":\"https:\/\/francevelos.com\/wp-content\/uploads\/2025\/07\/logo-Whit.svg\",\"contentUrl\":\"https:\/\/francevelos.com\/wp-content\/uploads\/2025\/07\/logo-Whit.svg\",\"width\":1640,\"height\":371,\"caption\":\"MEINRADLADEN\"},\"image\":{\"@id\":\"https:\/\/francevelos.com\/#\/schema\/logo\/image\/\"}}]}<\/script>\n<!-- \/ Yoast SEO Premium plugin. -->","yoast_head_json":{"title":"Impressum - meinradladen.com","description":"Die Inhalte unserer Seiten wurden mit gr\u00f6\u00dftm\u00f6glicher Sorgfalt erstellt. F\u00fcr die Richtigkeit, Vollst\u00e4ndigkeit und Aktualit\u00e4t der","robots":{"index":"index","follow":"follow","max-snippet":"max-snippet:-1","max-image-preview":"max-image-preview:large","max-video-preview":"max-video-preview:-1"},"canonical":"https:\/\/francevelos.com\/en\/impressum\/","og_locale":"en_US","og_type":"article","og_title":"Impressum","og_description":"Entdecken Sie unseren Online-Fahrradladen: Gro\u00dfe Auswahl an Modellen f\u00fcr alle Radsportbegeisterten. Von Rennr\u00e4dern bis zu Mountainbikes - finden Sie heute Ihren perfekten Wegbegleiter!","og_url":"https:\/\/francevelos.com\/en\/impressum\/","og_site_name":"meinradladen.com","article_modified_time":"2025-08-27T17:10:07+00:00","og_image":[{"width":640,"height":426,"url":"https:\/\/francevelos.com\/wp-content\/uploads\/2025\/07\/trekking.webp","type":"image\/webp"}],"twitter_card":"summary_large_image","twitter_misc":{"Est. reading time":"2 minutes"},"schema":{"@context":"https:\/\/schema.org","@graph":[{"@type":"WebPage","@id":"https:\/\/francevelos.com\/impressum\/","url":"https:\/\/francevelos.com\/impressum\/","name":"Impressum - meinradladen.com","isPartOf":{"@id":"https:\/\/francevelos.com\/#website"},"datePublished":"2023-03-10T18:23:02+00:00","dateModified":"2025-08-27T17:10:07+00:00","description":"Die Inhalte unserer Seiten wurden mit gr\u00f6\u00dftm\u00f6glicher Sorgfalt erstellt. F\u00fcr die Richtigkeit, Vollst\u00e4ndigkeit und Aktualit\u00e4t der","breadcrumb":{"@id":"https:\/\/francevelos.com\/impressum\/#breadcrumb"},"inLanguage":"en-US","potentialAction":[{"@type":"ReadAction","target":["https:\/\/francevelos.com\/impressum\/"]}]},{"@type":"BreadcrumbList","@id":"https:\/\/francevelos.com\/impressum\/#breadcrumb","itemListElement":[{"@type":"ListItem","position":1,"name":"Startseite","item":"https:\/\/francevelos.com\/"},{"@type":"ListItem","position":2,"name":"Impressum"}]},{"@type":"WebSite","@id":"https:\/\/francevelos.com\/#website","url":"https:\/\/francevelos.com\/","name":"meinradladen.com","description":"Treten Sie mit uns ins Abenteuer!","publisher":{"@id":"https:\/\/francevelos.com\/#organization"},"alternateName":"MEIN RADLADEN","potentialAction":[{"@type":"SearchAction","target":{"@type":"EntryPoint","urlTemplate":"https:\/\/francevelos.com\/?s={search_term_string}"},"query-input":{"@type":"PropertyValueSpecification","valueRequired":true,"valueName":"search_term_string"}}],"inLanguage":"en-US"},{"@type":"Organization","@id":"https:\/\/francevelos.com\/#organization","name":"MEINRADLADEN","alternateName":"MEIN RADLADEN","url":"https:\/\/francevelos.com\/","logo":{"@type":"ImageObject","inLanguage":"en-US","@id":"https:\/\/francevelos.com\/#\/schema\/logo\/image\/","url":"https:\/\/francevelos.com\/wp-content\/uploads\/2025\/07\/logo-Whit.svg","contentUrl":"https:\/\/francevelos.com\/wp-content\/uploads\/2025\/07\/logo-Whit.svg","width":1640,"height":371,"caption":"MEINRADLADEN"},"image":{"@id":"https:\/\/francevelos.com\/#\/schema\/logo\/image\/"}}]}},"_links":{"self":[{"href":"https:\/\/francevelos.com\/en\/wp-json\/wp\/v2\/pages\/70945","targetHints":{"allow":["GET"]}}],"collection":[{"href":"https:\/\/francevelos.com\/en\/wp-json\/wp\/v2\/pages"}],"about":[{"href":"https:\/\/francevelos.com\/en\/wp-json\/wp\/v2\/types\/page"}],"author":[{"embeddable":true,"href":"https:\/\/francevelos.com\/en\/wp-json\/wp\/v2\/users\/10"}],"replies":[{"embeddable":true,"href":"https:\/\/francevelos.com\/en\/wp-json\/wp\/v2\/comments?post=70945"}],"version-history":[{"count":0,"href":"https:\/\/francevelos.com\/en\/wp-json\/wp\/v2\/pages\/70945\/revisions"}],"wp:attachment":[{"href":"https:\/\/francevelos.com\/en\/wp-json\/wp\/v2\/media?parent=70945"}],"curies":[{"name":"wp","href":"https:\/\/api.w.org\/{rel}","templated":true}]}}