{"id":71009,"date":"2023-03-13T10:13:12","date_gmt":"2023-03-13T09:13:12","guid":{"rendered":"https:\/\/kulturbike.de\/?page_id=71009"},"modified":"2025-08-27T22:02:00","modified_gmt":"2025-08-27T20:02:00","slug":"fahrradversicherung","status":"publish","type":"page","link":"https:\/\/francevelos.com\/en\/fahrradversicherung\/","title":{"rendered":"Fahrradversicherung"},"content":{"rendered":"<div data-elementor-type=\"wp-page\" data-elementor-id=\"71009\" class=\"elementor elementor-71009\">\n\t\t\t\t\t\t<section class=\"elementor-section elementor-top-section elementor-element elementor-element-5beae1c elementor-section-boxed elementor-section-height-default elementor-section-height-default wd-section-disabled\" data-id=\"5beae1c\" data-element_type=\"section\">\n\t\t\t\t\t\t<div class=\"elementor-container elementor-column-gap-default\">\n\t\t\t\t\t<div class=\"elementor-column elementor-col-100 elementor-top-column elementor-element elementor-element-62130fd\" data-id=\"62130fd\" data-element_type=\"column\">\n\t\t\t<div class=\"elementor-widget-wrap elementor-element-populated\">\n\t\t\t\t\t\t<div class=\"elementor-element elementor-element-ecfc918 color-scheme-inherit text-left elementor-widget elementor-widget-text-editor\" data-id=\"ecfc918\" data-element_type=\"widget\" data-widget_type=\"text-editor.default\">\n\t\t\t\t<div class=\"elementor-widget-container\">\n\t\t\t\t\t\t\t\t\t<h2>Warum mein Fahrrad versichern?<\/h2><p>Die Versicherung Ihres Fahrrads gegen Diebstahl und Bruch ist der Garant daf\u00fcr, unbek\u00fcmmert zu fahren und nur die Vorteile des Radfahrens zu genie\u00dfen, ohne die Nachteile.<\/p><p>Dank der Meinradladen -Versicherung der Allianz ist Ihr\u00a0 Stunden am Tag, 7 Tage die Woche versichert, egal ob die Straftat auf der Stra\u00dfe oder nachts begangen wird.<\/p><p>Unsere Partnerschaft mit der Allianz erm\u00f6glicht es uns, Ihnen ausgehandelte Tarife anzubieten.<br \/>Der speziell von Meinradladen angebotene\u00a0 bietet zwei Differenzierungsklauseln.<\/p><p>Es handelt sich um einen Vertrag, der Sie f\u00fcr 2 Jahre ab einer einzigen Zahlung beim Beitritt abdeckt.<br \/>Fahrradzubeh\u00f6r, das in Ihrem Meinradladen in Rechnung gestellt wurde, kann ebenfalls versichert werden. Diese addiert er beim Eintritt einfach zum Versicherungswert hinzu.<\/p><p><em>Was kostet eine Fahrradversicherung?<\/em><\/p><table><tbody><tr><th>MWST-WERT DES FAHRRADS<\/th><th>PREIS F\u00dcR 2-JAHRES-VERTRAG<\/th><\/tr><tr><td>500 \u20ac<\/td><td>100 \u20ac<\/td><\/tr><tr><td>1000 \u20ac<\/td><td>140 \u20ac<\/td><\/tr><tr><td>1500 \u20ac<\/td><td>180 \u20ac<\/td><\/tr><tr><td>2000 \u20ac<\/td><td>220 \u20ac<\/td><\/tr><tr><td>2500 \u20ac<\/td><td>260 \u20ac<\/td><\/tr><tr><td>3000 \u20ac<\/td><td>300 \u20ac<\/td><\/tr><tr><td>3500 \u20ac<\/td><td>340 \u20ac<\/td><\/tr><tr><td>4000 \u20ac<\/td><td>380 \u20ac<\/td><\/tr><tr><td>4500 \u20ac<\/td><td>420 \u20ac<\/td><\/tr><tr><td>5000 \u20ac<\/td><td>460 \u20ac<\/td><\/tr><tr><td>5500 \u20ac<\/td><td>500 \u20ac<\/td><\/tr><tr><td>6000 \u20ac<\/td><td>540 \u20ac<\/td><\/tr><tr><td>6500 \u20ac<\/td><td>580 \u20ac<\/td><\/tr><tr><td>7000 \u20ac<\/td><td>620 \u20ac<\/td><\/tr><\/tbody><\/table>\t\t\t\t\t\t\t\t<\/div>\n\t\t\t\t<\/div>\n\t\t\t\t\t<\/div>\n\t\t<\/div>\n\t\t\t\t\t<\/div>\n\t\t<\/section>\n\t\t\t\t<\/div>","protected":false},"excerpt":{"rendered":"<p>Warum mein Fahrrad versichern? Die Versicherung Ihres Fahrrads gegen Diebstahl und Bruch ist der Garant daf\u00fcr, unbek\u00fcmmert zu fahren und<\/p>","protected":false},"author":10,"featured_media":0,"parent":0,"menu_order":0,"comment_status":"closed","ping_status":"closed","template":"","meta":{"_rtcl_gb_attr":"","footnotes":""},"class_list":["post-71009","page","type-page","status-publish","hentry"],"yoast_head":"<!-- This site is optimized with the Yoast SEO Premium plugin v20.12 (Yoast SEO v25.8) - https:\/\/yoast.com\/wordpress\/plugins\/seo\/ -->\n<title>Fahrradversicherung - meinradladen.com<\/title>\n<meta name=\"description\" content=\"Entdecken Sie unseren Online-Fahrradladen: Gro\u00dfe Auswahl an Modellen f\u00fcr alle Radsportbegeisterten. Von Rennr\u00e4dern bis zu Mountainbikes - finden Sie heute Ihren perfekten Wegbegleiter!\" \/>\n<meta name=\"robots\" content=\"index, follow, max-snippet:-1, max-image-preview:large, max-video-preview:-1\" \/>\n<link rel=\"canonical\" href=\"https:\/\/francevelos.com\/en\/fahrradversicherung\/\" \/>\n<meta property=\"og:locale\" content=\"en_US\" \/>\n<meta property=\"og:type\" content=\"article\" \/>\n<meta property=\"og:title\" content=\"Fahrradversicherung\" \/>\n<meta property=\"og:description\" content=\"Entdecken Sie unseren Online-Fahrradladen: Gro\u00dfe Auswahl an Modellen f\u00fcr alle Radsportbegeisterten. Von Rennr\u00e4dern bis zu Mountainbikes - finden Sie heute Ihren perfekten Wegbegleiter!\" \/>\n<meta property=\"og:url\" content=\"https:\/\/francevelos.com\/en\/fahrradversicherung\/\" \/>\n<meta property=\"og:site_name\" content=\"meinradladen.com\" \/>\n<meta property=\"article:modified_time\" content=\"2025-08-27T20:02:00+00:00\" \/>\n<meta property=\"og:image\" content=\"https:\/\/francevelos.com\/wp-content\/uploads\/2025\/07\/trekking.webp\" \/>\n\t<meta property=\"og:image:width\" content=\"640\" \/>\n\t<meta property=\"og:image:height\" content=\"426\" \/>\n\t<meta property=\"og:image:type\" content=\"image\/webp\" \/>\n<meta name=\"twitter:card\" content=\"summary_large_image\" \/>\n<meta name=\"twitter:label1\" content=\"Est. reading time\" \/>\n\t<meta name=\"twitter:data1\" content=\"2 minutes\" \/>\n<script type=\"application\/ld+json\" class=\"yoast-schema-graph\">{\"@context\":\"https:\/\/schema.org\",\"@graph\":[{\"@type\":\"WebPage\",\"@id\":\"https:\/\/francevelos.com\/fahrradversicherung\/\",\"url\":\"https:\/\/francevelos.com\/fahrradversicherung\/\",\"name\":\"Fahrradversicherung - meinradladen.com\",\"isPartOf\":{\"@id\":\"https:\/\/francevelos.com\/#website\"},\"datePublished\":\"2023-03-13T09:13:12+00:00\",\"dateModified\":\"2025-08-27T20:02:00+00:00\",\"description\":\"Entdecken Sie unseren Online-Fahrradladen: Gro\u00dfe Auswahl an Modellen f\u00fcr alle Radsportbegeisterten. Von Rennr\u00e4dern bis zu Mountainbikes - finden Sie heute Ihren perfekten Wegbegleiter!\",\"breadcrumb\":{\"@id\":\"https:\/\/francevelos.com\/fahrradversicherung\/#breadcrumb\"},\"inLanguage\":\"en-US\",\"potentialAction\":[{\"@type\":\"ReadAction\",\"target\":[\"https:\/\/francevelos.com\/fahrradversicherung\/\"]}]},{\"@type\":\"BreadcrumbList\",\"@id\":\"https:\/\/francevelos.com\/fahrradversicherung\/#breadcrumb\",\"itemListElement\":[{\"@type\":\"ListItem\",\"position\":1,\"name\":\"Startseite\",\"item\":\"https:\/\/francevelos.com\/\"},{\"@type\":\"ListItem\",\"position\":2,\"name\":\"Fahrradversicherung\"}]},{\"@type\":\"WebSite\",\"@id\":\"https:\/\/francevelos.com\/#website\",\"url\":\"https:\/\/francevelos.com\/\",\"name\":\"meinradladen.com\",\"description\":\"Treten Sie mit uns ins Abenteuer!\",\"publisher\":{\"@id\":\"https:\/\/francevelos.com\/#organization\"},\"alternateName\":\"MEIN RADLADEN\",\"potentialAction\":[{\"@type\":\"SearchAction\",\"target\":{\"@type\":\"EntryPoint\",\"urlTemplate\":\"https:\/\/francevelos.com\/?s={search_term_string}\"},\"query-input\":{\"@type\":\"PropertyValueSpecification\",\"valueRequired\":true,\"valueName\":\"search_term_string\"}}],\"inLanguage\":\"en-US\"},{\"@type\":\"Organization\",\"@id\":\"https:\/\/francevelos.com\/#organization\",\"name\":\"MEINRADLADEN\",\"alternateName\":\"MEIN RADLADEN\",\"url\":\"https:\/\/francevelos.com\/\",\"logo\":{\"@type\":\"ImageObject\",\"inLanguage\":\"en-US\",\"@id\":\"https:\/\/francevelos.com\/#\/schema\/logo\/image\/\",\"url\":\"https:\/\/francevelos.com\/wp-content\/uploads\/2025\/07\/logo-Whit.svg\",\"contentUrl\":\"https:\/\/francevelos.com\/wp-content\/uploads\/2025\/07\/logo-Whit.svg\",\"width\":1640,\"height\":371,\"caption\":\"MEINRADLADEN\"},\"image\":{\"@id\":\"https:\/\/francevelos.com\/#\/schema\/logo\/image\/\"}}]}<\/script>\n<!-- \/ Yoast SEO Premium plugin. -->","yoast_head_json":{"title":"Fahrradversicherung - meinradladen.com","description":"Entdecken Sie unseren Online-Fahrradladen: Gro\u00dfe Auswahl an Modellen f\u00fcr alle Radsportbegeisterten. Von Rennr\u00e4dern bis zu Mountainbikes - finden Sie heute Ihren perfekten Wegbegleiter!","robots":{"index":"index","follow":"follow","max-snippet":"max-snippet:-1","max-image-preview":"max-image-preview:large","max-video-preview":"max-video-preview:-1"},"canonical":"https:\/\/francevelos.com\/en\/fahrradversicherung\/","og_locale":"en_US","og_type":"article","og_title":"Fahrradversicherung","og_description":"Entdecken Sie unseren Online-Fahrradladen: Gro\u00dfe Auswahl an Modellen f\u00fcr alle Radsportbegeisterten. Von Rennr\u00e4dern bis zu Mountainbikes - finden Sie heute Ihren perfekten Wegbegleiter!","og_url":"https:\/\/francevelos.com\/en\/fahrradversicherung\/","og_site_name":"meinradladen.com","article_modified_time":"2025-08-27T20:02:00+00:00","og_image":[{"width":640,"height":426,"url":"https:\/\/francevelos.com\/wp-content\/uploads\/2025\/07\/trekking.webp","type":"image\/webp"}],"twitter_card":"summary_large_image","twitter_misc":{"Est. reading time":"2 minutes"},"schema":{"@context":"https:\/\/schema.org","@graph":[{"@type":"WebPage","@id":"https:\/\/francevelos.com\/fahrradversicherung\/","url":"https:\/\/francevelos.com\/fahrradversicherung\/","name":"Fahrradversicherung - meinradladen.com","isPartOf":{"@id":"https:\/\/francevelos.com\/#website"},"datePublished":"2023-03-13T09:13:12+00:00","dateModified":"2025-08-27T20:02:00+00:00","description":"Entdecken Sie unseren Online-Fahrradladen: Gro\u00dfe Auswahl an Modellen f\u00fcr alle Radsportbegeisterten. Von Rennr\u00e4dern bis zu Mountainbikes - finden Sie heute Ihren perfekten Wegbegleiter!","breadcrumb":{"@id":"https:\/\/francevelos.com\/fahrradversicherung\/#breadcrumb"},"inLanguage":"en-US","potentialAction":[{"@type":"ReadAction","target":["https:\/\/francevelos.com\/fahrradversicherung\/"]}]},{"@type":"BreadcrumbList","@id":"https:\/\/francevelos.com\/fahrradversicherung\/#breadcrumb","itemListElement":[{"@type":"ListItem","position":1,"name":"Startseite","item":"https:\/\/francevelos.com\/"},{"@type":"ListItem","position":2,"name":"Fahrradversicherung"}]},{"@type":"WebSite","@id":"https:\/\/francevelos.com\/#website","url":"https:\/\/francevelos.com\/","name":"meinradladen.com","description":"Treten Sie mit uns ins Abenteuer!","publisher":{"@id":"https:\/\/francevelos.com\/#organization"},"alternateName":"MEIN RADLADEN","potentialAction":[{"@type":"SearchAction","target":{"@type":"EntryPoint","urlTemplate":"https:\/\/francevelos.com\/?s={search_term_string}"},"query-input":{"@type":"PropertyValueSpecification","valueRequired":true,"valueName":"search_term_string"}}],"inLanguage":"en-US"},{"@type":"Organization","@id":"https:\/\/francevelos.com\/#organization","name":"MEINRADLADEN","alternateName":"MEIN RADLADEN","url":"https:\/\/francevelos.com\/","logo":{"@type":"ImageObject","inLanguage":"en-US","@id":"https:\/\/francevelos.com\/#\/schema\/logo\/image\/","url":"https:\/\/francevelos.com\/wp-content\/uploads\/2025\/07\/logo-Whit.svg","contentUrl":"https:\/\/francevelos.com\/wp-content\/uploads\/2025\/07\/logo-Whit.svg","width":1640,"height":371,"caption":"MEINRADLADEN"},"image":{"@id":"https:\/\/francevelos.com\/#\/schema\/logo\/image\/"}}]}},"_links":{"self":[{"href":"https:\/\/francevelos.com\/en\/wp-json\/wp\/v2\/pages\/71009","targetHints":{"allow":["GET"]}}],"collection":[{"href":"https:\/\/francevelos.com\/en\/wp-json\/wp\/v2\/pages"}],"about":[{"href":"https:\/\/francevelos.com\/en\/wp-json\/wp\/v2\/types\/page"}],"author":[{"embeddable":true,"href":"https:\/\/francevelos.com\/en\/wp-json\/wp\/v2\/users\/10"}],"replies":[{"embeddable":true,"href":"https:\/\/francevelos.com\/en\/wp-json\/wp\/v2\/comments?post=71009"}],"version-history":[{"count":0,"href":"https:\/\/francevelos.com\/en\/wp-json\/wp\/v2\/pages\/71009\/revisions"}],"wp:attachment":[{"href":"https:\/\/francevelos.com\/en\/wp-json\/wp\/v2\/media?parent=71009"}],"curies":[{"name":"wp","href":"https:\/\/api.w.org\/{rel}","templated":true}]}}