{"id":71038,"date":"2023-03-13T11:18:11","date_gmt":"2023-03-13T10:18:11","guid":{"rendered":"https:\/\/kulturbike.de\/?page_id=71038"},"modified":"2025-08-29T12:06:40","modified_gmt":"2025-08-29T10:06:40","slug":"produktrueckgaben","status":"publish","type":"page","link":"https:\/\/francevelos.com\/en\/produktrueckgaben\/","title":{"rendered":"Produktr\u00fcckgaben"},"content":{"rendered":"<div data-elementor-type=\"wp-page\" data-elementor-id=\"71038\" class=\"elementor elementor-71038\">\n\t\t\t\t\t\t<section class=\"elementor-section elementor-top-section elementor-element elementor-element-955c383 elementor-section-boxed elementor-section-height-default elementor-section-height-default wd-section-disabled\" data-id=\"955c383\" data-element_type=\"section\">\n\t\t\t\t\t\t<div class=\"elementor-container elementor-column-gap-default\">\n\t\t\t\t\t<div class=\"elementor-column elementor-col-100 elementor-top-column elementor-element elementor-element-5f97610\" data-id=\"5f97610\" data-element_type=\"column\">\n\t\t\t<div class=\"elementor-widget-wrap\">\n\t\t\t\t\t\t\t<\/div>\n\t\t<\/div>\n\t\t\t\t\t<\/div>\n\t\t<\/section>\n\t\t\t\t<section class=\"elementor-section elementor-top-section elementor-element elementor-element-2e8fa37 elementor-section-boxed elementor-section-height-default elementor-section-height-default wd-section-disabled\" data-id=\"2e8fa37\" data-element_type=\"section\">\n\t\t\t\t\t\t<div class=\"elementor-container elementor-column-gap-default\">\n\t\t\t\t\t<div class=\"elementor-column elementor-col-100 elementor-top-column elementor-element elementor-element-7e45ed3\" data-id=\"7e45ed3\" data-element_type=\"column\">\n\t\t\t<div class=\"elementor-widget-wrap elementor-element-populated\">\n\t\t\t\t\t\t<div class=\"elementor-element elementor-element-275cc42 color-scheme-inherit text-left elementor-widget elementor-widget-text-editor\" data-id=\"275cc42\" data-element_type=\"widget\" data-widget_type=\"text-editor.default\">\n\t\t\t\t<div class=\"elementor-widget-container\">\n\t\t\t\t\t\t\t\t\t<p data-start=\"70\" data-end=\"109\" style=\"margin-bottom: 20px; font-style: normal; font-variant-ligatures: normal; font-variant-caps: normal; font-weight: 400; font-family: Cabin, Arial, Helvetica, sans-serif; font-size: 14px; color: rgb(118, 118, 118);\"><span data-start=\"70\" data-end=\"109\" style=\"font-weight: 600; font-size: 14px;\">R\u00fcckgabe- und Erstattungsrichtlinie<\/span><\/p>\n<p data-start=\"111\" data-end=\"409\" style=\"margin-bottom: 20px; font-style: normal; font-variant-ligatures: normal; font-variant-caps: normal; font-weight: 400; font-family: Cabin, Arial, Helvetica, sans-serif; font-size: 14px; color: rgb(118, 118, 118);\">Bei Meinradladen.com\/&nbsp;steht Ihre Zufriedenheit an oberster Stelle. Sollten Sie aus irgendeinem Grund mit Ihrem Kauf nicht vollst\u00e4ndig zufrieden sein, haben wir eine einfache und transparente R\u00fcckgabe- und Erstattungsrichtlinie entwickelt, um Ihre Erfahrung so reibungslos wie m\u00f6glich zu gestalten.<\/p>\n<p data-start=\"411\" data-end=\"642\" style=\"margin-bottom: 20px; font-style: normal; font-variant-ligatures: normal; font-variant-caps: normal; font-weight: 400; font-family: Cabin, Arial, Helvetica, sans-serif; font-size: 14px; color: rgb(118, 118, 118);\"><span data-start=\"411\" data-end=\"449\" style=\"font-weight: 600; font-size: 14px;\">Gro\u00dfz\u00fcgige 14-t\u00e4gige R\u00fcckgabefrist<\/span><br data-start=\"449\" data-end=\"452\">Sie haben ab dem Lieferdatum gro\u00dfz\u00fcgige 14 Tage Zeit, um zu entscheiden, ob Ihr Kauf Ihren Erwartungen entspricht. Falls nicht, k\u00f6nnen Sie innerhalb dieses Zeitraums eine R\u00fcckgabe einleiten.<\/p>\n<p data-start=\"644\" data-end=\"867\" style=\"margin-bottom: 20px; font-style: normal; font-variant-ligatures: normal; font-variant-caps: normal; font-weight: 400; font-family: Cabin, Arial, Helvetica, sans-serif; font-size: 14px; color: rgb(118, 118, 118);\"><span data-start=\"644\" data-end=\"694\" style=\"font-weight: 600; font-size: 14px;\">Schnelle R\u00fcckerstattung innerhalb von 14 Tagen<\/span><br data-start=\"694\" data-end=\"697\">Wir verpflichten uns zu einer z\u00fcgigen R\u00fcckerstattung. Wir bem\u00fchen uns, Ihre R\u00fcckerstattung innerhalb von 14 Tagen nach Erhalt des zur\u00fcckgesendeten Artikels zu bearbeiten.<\/p>\n<p data-start=\"869\" data-end=\"1104\" style=\"margin-bottom: 20px; font-style: normal; font-variant-ligatures: normal; font-variant-caps: normal; font-weight: 400; font-family: Cabin, Arial, Helvetica, sans-serif; font-size: 14px; color: rgb(118, 118, 118);\"><span data-start=\"869\" data-end=\"929\" style=\"font-weight: 600; font-size: 14px;\">Keine R\u00fcckgabegeb\u00fchren, keine Wiedereinlagerungsgeb\u00fchren<\/span><br data-start=\"929\" data-end=\"932\">Wir setzen auf Einfachheit und Fairness. Es gibt keine R\u00fcckgabe- oder Wiedereinlagerungsgeb\u00fchren. Ihre Zufriedenheit hat f\u00fcr uns oberste Priorit\u00e4t \u2013 ohne versteckte Kosten.<\/p>\n<p data-start=\"1106\" data-end=\"1156\" style=\"margin-bottom: 20px; font-style: normal; font-variant-ligatures: normal; font-variant-caps: normal; font-weight: 400; font-family: Cabin, Arial, Helvetica, sans-serif; font-size: 14px; color: rgb(118, 118, 118);\"><span data-start=\"1106\" data-end=\"1154\" style=\"font-weight: 600; font-size: 14px;\">So starten Sie Ihre unkomplizierte R\u00fcckgabe:<\/span><\/p>\n<ol data-start=\"1157\" data-end=\"2378\" style=\"margin-bottom: 20px; padding-left: 17px; font-style: normal; font-variant-ligatures: normal; font-variant-caps: normal; font-weight: 400; font-family: Cabin, Arial, Helvetica, sans-serif; font-size: 14px; --li-mb: 10px; --li-pl: 17px; color: rgb(118, 118, 118);\">\n<li data-start=\"1157\" data-end=\"1509\" style=\"margin-bottom: 10px; font-size: 14px;\">\n<p data-start=\"1160\" data-end=\"1509\" style=\"margin-bottom: 20px; font-size: 14px;\"><span data-start=\"1160\" data-end=\"1200\" style=\"font-weight: 600; font-size: 14px;\">Kontaktieren Sie unser Support-Team:<\/span>&nbsp;Wenden Sie sich an unser freundliches Kundenserviceteam, um Ihre R\u00fcckgabe zu starten. Nutzen Sie dazu unsere&nbsp;<em data-start=\"1310\" data-end=\"1319\" style=\"font-size: 14px;\">Kontakt<\/em>-Seite auf der Website oder senden Sie eine E-Mail an&nbsp;<a rel=\"noopener\" data-start=\"3015\" data-end=\"3038\" style=\"font-style: normal; font-variant-ligatures: normal; font-variant-caps: normal; font-weight: 600; font-family: Cabin, Arial, Helvetica, sans-serif; font-size: 14px; color: rgb(51, 51, 51); transition-property: all;\">kontakt@meinradladen.com<\/a>. Bitte geben Sie Ihre Bestellnummer sowie Informationen zum Artikel an, den Sie zur\u00fccksenden m\u00f6chten.<\/p>\n<\/li>\n<li data-start=\"1510\" data-end=\"1727\" style=\"margin-bottom: 10px; font-size: 14px;\">\n<p data-start=\"1513\" data-end=\"1727\" style=\"margin-bottom: 20px; font-size: 14px;\"><span data-start=\"1513\" data-end=\"1563\" style=\"font-weight: 600; font-size: 14px;\">Erhalten Sie eine R\u00fccksendenummer (RA-Nummer):<\/span>&nbsp;Sobald wir Ihre Anfrage erhalten haben, stellen wir Ihnen eine R\u00fccksendenummer (RA-Nummer) aus und senden Ihnen klare Anweisungen zur R\u00fccksendung Ihres Artikels.<\/p>\n<\/li>\n<li data-start=\"1728\" data-end=\"2035\" style=\"margin-bottom: 10px; font-size: 14px;\">\n<p data-start=\"1731\" data-end=\"2035\" style=\"margin-bottom: 20px; font-size: 14px;\"><span data-start=\"1731\" data-end=\"1759\" style=\"font-weight: 600; font-size: 14px;\">Verpacken und versenden:<\/span>&nbsp;Verpacken Sie den Artikel sorgf\u00e4ltig in der Originalverpackung oder einer sicheren Alternative. Legen Sie s\u00e4mtliches Zubeh\u00f6r und alle relevanten Unterlagen bei. Bringen Sie das bereitgestellte R\u00fccksendeetikett an und senden Sie das Paket an die angegebene R\u00fccksendeadresse.<\/p>\n<\/li>\n<li data-start=\"2036\" data-end=\"2378\" style=\"font-size: 14px;\">\n<p data-start=\"2039\" data-end=\"2378\" style=\"margin-bottom: 20px; font-size: 14px;\"><span data-start=\"2039\" data-end=\"2070\" style=\"font-weight: 600; font-size: 14px;\">Pr\u00fcfung und R\u00fcckerstattung:<\/span>&nbsp;Nach Erhalt Ihres zur\u00fcckgesendeten Artikels wird unser Team diesen pr\u00fcfen, um sicherzustellen, dass die R\u00fcckgaberichtlinien eingehalten wurden. Nach Genehmigung erfolgt die R\u00fcckerstattung innerhalb des angegebenen Zeitrahmens. Sie erhalten eine Benachrichtigung, sobald Ihre R\u00fcckerstattung veranlasst wurde.<\/p>\n<\/li>\n<\/ol>\n<p data-start=\"2380\" data-end=\"2544\" style=\"margin-bottom: 20px; font-style: normal; font-variant-ligatures: normal; font-variant-caps: normal; font-weight: 400; font-family: Cabin, Arial, Helvetica, sans-serif; font-size: 14px; color: rgb(118, 118, 118);\"><span data-start=\"2380\" data-end=\"2409\" style=\"font-weight: 600; font-size: 14px;\">Bedingungen f\u00fcr R\u00fcckgaben<\/span><br data-start=\"2409\" data-end=\"2412\">Um f\u00fcr eine R\u00fcckgabe berechtigt zu sein, muss sich der Artikel im Originalzustand, unbenutzt und in der Originalverpackung befinden.<\/p>\n<p data-start=\"2546\" data-end=\"2711\" style=\"margin-bottom: 20px; font-style: normal; font-variant-ligatures: normal; font-variant-caps: normal; font-weight: 400; font-family: Cabin, Arial, Helvetica, sans-serif; font-size: 14px; color: rgb(118, 118, 118);\">Bitte beachten Sie, dass personalisierte oder individuell angefertigte Artikel nur zur\u00fcckgegeben werden k\u00f6nnen, wenn sie besch\u00e4digt oder fehlerhaft geliefert wurden.<\/p>\n<p data-start=\"2713\" data-end=\"3041\" style=\"margin-bottom: 20px; font-style: normal; font-variant-ligatures: normal; font-variant-caps: normal; font-weight: 400; font-family: Cabin, Arial, Helvetica, sans-serif; font-size: 14px; color: rgb(118, 118, 118);\"><span data-start=\"2713\" data-end=\"2750\" style=\"font-weight: 600; font-size: 14px;\">Fragen oder Unterst\u00fctzungsbedarf?<\/span><br data-start=\"2750\" data-end=\"2753\">Wenn Sie Fragen zu unserer R\u00fcckgabe- und Erstattungsrichtlinie haben oder Hilfe bei einer R\u00fcckgabe ben\u00f6tigen, steht Ihnen unser engagiertes Kundenserviceteam gerne zur Verf\u00fcgung. Kontaktieren Sie uns \u00fcber die&nbsp;<em data-start=\"2962\" data-end=\"2971\" style=\"font-size: 14px;\">Kontakt<\/em>-Seite auf der Website oder per E-Mail an&nbsp;<span data-start=\"3013\" data-end=\"3040\" style=\"font-weight: 600; font-size: 14px;\"><a rel=\"noopener\" data-start=\"3015\" data-end=\"3038\" style=\"font-size: 14px; color: rgb(51, 51, 51); transition-property: all;\">kontakt@meinradladen.com<\/a><\/span>.<\/p>\n<p data-start=\"3043\" data-end=\"3266\" style=\"font-style: normal; font-variant-ligatures: normal; font-variant-caps: normal; font-weight: 400; font-family: Cabin, Arial, Helvetica, sans-serif; font-size: 14px; color: rgb(118, 118, 118);\"><span data-start=\"3043\" data-end=\"3111\" style=\"font-weight: 600; font-size: 14px;\">Vielen Dank, dass Sie sich f\u00fcr Meinradladen.com entschieden haben.<\/span><br data-start=\"3111\" data-end=\"3114\">Wir setzen alles daran, Ihnen ein sorgenfreies Einkaufserlebnis zu bieten \u2013 unsere R\u00fcckgabe- und Erstattungsrichtlinie spiegelt dieses Engagement wider.<\/p>\t\t\t\t\t\t\t\t<\/div>\n\t\t\t\t<\/div>\n\t\t\t\t\t<\/div>\n\t\t<\/div>\n\t\t\t\t\t<\/div>\n\t\t<\/section>\n\t\t\t\t<\/div>","protected":false},"excerpt":{"rendered":"<p>R\u00fcckgabe- und Erstattungsrichtlinie Bei Meinradladen.com\/&nbsp;steht Ihre Zufriedenheit an oberster Stelle. Sollten Sie aus irgendeinem Grund mit Ihrem Kauf nicht vollst\u00e4ndig<\/p>","protected":false},"author":10,"featured_media":0,"parent":0,"menu_order":0,"comment_status":"closed","ping_status":"closed","template":"","meta":{"_rtcl_gb_attr":"","footnotes":""},"class_list":["post-71038","page","type-page","status-publish","hentry"],"yoast_head":"<!-- This site is optimized with the Yoast SEO Premium plugin v20.12 (Yoast SEO v25.8) - https:\/\/yoast.com\/wordpress\/plugins\/seo\/ -->\n<title>Produktr\u00fcckgaben \u25b7 meinradladen.com<\/title>\n<meta name=\"description\" content=\"Die R\u00fcckgabefrist f\u00fcr unbenutzte Ware betr\u00e4gt 30 Tage ab dem Lieferdatum. Die R\u00fccksendung ist kostenlos, wenn du unser R\u00fccksendeetikett verwendest\" \/>\n<meta name=\"robots\" content=\"index, follow, max-snippet:-1, max-image-preview:large, max-video-preview:-1\" \/>\n<link rel=\"canonical\" href=\"https:\/\/francevelos.com\/en\/produktrueckgaben\/\" \/>\n<meta property=\"og:locale\" content=\"en_US\" \/>\n<meta property=\"og:type\" content=\"article\" \/>\n<meta property=\"og:title\" content=\"Produktr\u00fcckgaben\" \/>\n<meta property=\"og:description\" content=\"Entdecken Sie unseren Online-Fahrradladen: Gro\u00dfe Auswahl an Modellen f\u00fcr alle Radsportbegeisterten. Von Rennr\u00e4dern bis zu Mountainbikes - finden Sie heute Ihren perfekten Wegbegleiter!\" \/>\n<meta property=\"og:url\" content=\"https:\/\/francevelos.com\/en\/produktrueckgaben\/\" \/>\n<meta property=\"og:site_name\" content=\"meinradladen.com\" \/>\n<meta property=\"article:modified_time\" content=\"2025-08-29T10:06:40+00:00\" \/>\n<meta property=\"og:image\" content=\"https:\/\/francevelos.com\/wp-content\/uploads\/2025\/07\/trekking.webp\" \/>\n\t<meta property=\"og:image:width\" content=\"640\" \/>\n\t<meta property=\"og:image:height\" content=\"426\" \/>\n\t<meta property=\"og:image:type\" content=\"image\/webp\" \/>\n<meta name=\"twitter:card\" content=\"summary_large_image\" \/>\n<meta name=\"twitter:label1\" content=\"Est. reading time\" \/>\n\t<meta name=\"twitter:data1\" content=\"3 minutes\" \/>\n<script type=\"application\/ld+json\" class=\"yoast-schema-graph\">{\"@context\":\"https:\/\/schema.org\",\"@graph\":[{\"@type\":\"WebPage\",\"@id\":\"https:\/\/francevelos.com\/produktrueckgaben\/\",\"url\":\"https:\/\/francevelos.com\/produktrueckgaben\/\",\"name\":\"Produktr\u00fcckgaben \u25b7 meinradladen.com\",\"isPartOf\":{\"@id\":\"https:\/\/francevelos.com\/#website\"},\"datePublished\":\"2023-03-13T10:18:11+00:00\",\"dateModified\":\"2025-08-29T10:06:40+00:00\",\"description\":\"Die R\u00fcckgabefrist f\u00fcr unbenutzte Ware betr\u00e4gt 30 Tage ab dem Lieferdatum. Die R\u00fccksendung ist kostenlos, wenn du unser R\u00fccksendeetikett verwendest\",\"breadcrumb\":{\"@id\":\"https:\/\/francevelos.com\/produktrueckgaben\/#breadcrumb\"},\"inLanguage\":\"en-US\",\"potentialAction\":[{\"@type\":\"ReadAction\",\"target\":[\"https:\/\/francevelos.com\/produktrueckgaben\/\"]}]},{\"@type\":\"BreadcrumbList\",\"@id\":\"https:\/\/francevelos.com\/produktrueckgaben\/#breadcrumb\",\"itemListElement\":[{\"@type\":\"ListItem\",\"position\":1,\"name\":\"Startseite\",\"item\":\"https:\/\/francevelos.com\/\"},{\"@type\":\"ListItem\",\"position\":2,\"name\":\"Produktr\u00fcckgaben\"}]},{\"@type\":\"WebSite\",\"@id\":\"https:\/\/francevelos.com\/#website\",\"url\":\"https:\/\/francevelos.com\/\",\"name\":\"meinradladen.com\",\"description\":\"Treten Sie mit uns ins Abenteuer!\",\"publisher\":{\"@id\":\"https:\/\/francevelos.com\/#organization\"},\"alternateName\":\"MEIN RADLADEN\",\"potentialAction\":[{\"@type\":\"SearchAction\",\"target\":{\"@type\":\"EntryPoint\",\"urlTemplate\":\"https:\/\/francevelos.com\/?s={search_term_string}\"},\"query-input\":{\"@type\":\"PropertyValueSpecification\",\"valueRequired\":true,\"valueName\":\"search_term_string\"}}],\"inLanguage\":\"en-US\"},{\"@type\":\"Organization\",\"@id\":\"https:\/\/francevelos.com\/#organization\",\"name\":\"MEINRADLADEN\",\"alternateName\":\"MEIN RADLADEN\",\"url\":\"https:\/\/francevelos.com\/\",\"logo\":{\"@type\":\"ImageObject\",\"inLanguage\":\"en-US\",\"@id\":\"https:\/\/francevelos.com\/#\/schema\/logo\/image\/\",\"url\":\"https:\/\/francevelos.com\/wp-content\/uploads\/2025\/07\/logo-Whit.svg\",\"contentUrl\":\"https:\/\/francevelos.com\/wp-content\/uploads\/2025\/07\/logo-Whit.svg\",\"width\":1640,\"height\":371,\"caption\":\"MEINRADLADEN\"},\"image\":{\"@id\":\"https:\/\/francevelos.com\/#\/schema\/logo\/image\/\"}}]}<\/script>\n<!-- \/ Yoast SEO Premium plugin. -->","yoast_head_json":{"title":"Produktr\u00fcckgaben \u25b7 meinradladen.com","description":"Die R\u00fcckgabefrist f\u00fcr unbenutzte Ware betr\u00e4gt 30 Tage ab dem Lieferdatum. Die R\u00fccksendung ist kostenlos, wenn du unser R\u00fccksendeetikett verwendest","robots":{"index":"index","follow":"follow","max-snippet":"max-snippet:-1","max-image-preview":"max-image-preview:large","max-video-preview":"max-video-preview:-1"},"canonical":"https:\/\/francevelos.com\/en\/produktrueckgaben\/","og_locale":"en_US","og_type":"article","og_title":"Produktr\u00fcckgaben","og_description":"Entdecken Sie unseren Online-Fahrradladen: Gro\u00dfe Auswahl an Modellen f\u00fcr alle Radsportbegeisterten. Von Rennr\u00e4dern bis zu Mountainbikes - finden Sie heute Ihren perfekten Wegbegleiter!","og_url":"https:\/\/francevelos.com\/en\/produktrueckgaben\/","og_site_name":"meinradladen.com","article_modified_time":"2025-08-29T10:06:40+00:00","og_image":[{"width":640,"height":426,"url":"https:\/\/francevelos.com\/wp-content\/uploads\/2025\/07\/trekking.webp","type":"image\/webp"}],"twitter_card":"summary_large_image","twitter_misc":{"Est. reading time":"3 minutes"},"schema":{"@context":"https:\/\/schema.org","@graph":[{"@type":"WebPage","@id":"https:\/\/francevelos.com\/produktrueckgaben\/","url":"https:\/\/francevelos.com\/produktrueckgaben\/","name":"Produktr\u00fcckgaben \u25b7 meinradladen.com","isPartOf":{"@id":"https:\/\/francevelos.com\/#website"},"datePublished":"2023-03-13T10:18:11+00:00","dateModified":"2025-08-29T10:06:40+00:00","description":"Die R\u00fcckgabefrist f\u00fcr unbenutzte Ware betr\u00e4gt 30 Tage ab dem Lieferdatum. Die R\u00fccksendung ist kostenlos, wenn du unser R\u00fccksendeetikett verwendest","breadcrumb":{"@id":"https:\/\/francevelos.com\/produktrueckgaben\/#breadcrumb"},"inLanguage":"en-US","potentialAction":[{"@type":"ReadAction","target":["https:\/\/francevelos.com\/produktrueckgaben\/"]}]},{"@type":"BreadcrumbList","@id":"https:\/\/francevelos.com\/produktrueckgaben\/#breadcrumb","itemListElement":[{"@type":"ListItem","position":1,"name":"Startseite","item":"https:\/\/francevelos.com\/"},{"@type":"ListItem","position":2,"name":"Produktr\u00fcckgaben"}]},{"@type":"WebSite","@id":"https:\/\/francevelos.com\/#website","url":"https:\/\/francevelos.com\/","name":"meinradladen.com","description":"Treten Sie mit uns ins Abenteuer!","publisher":{"@id":"https:\/\/francevelos.com\/#organization"},"alternateName":"MEIN RADLADEN","potentialAction":[{"@type":"SearchAction","target":{"@type":"EntryPoint","urlTemplate":"https:\/\/francevelos.com\/?s={search_term_string}"},"query-input":{"@type":"PropertyValueSpecification","valueRequired":true,"valueName":"search_term_string"}}],"inLanguage":"en-US"},{"@type":"Organization","@id":"https:\/\/francevelos.com\/#organization","name":"MEINRADLADEN","alternateName":"MEIN RADLADEN","url":"https:\/\/francevelos.com\/","logo":{"@type":"ImageObject","inLanguage":"en-US","@id":"https:\/\/francevelos.com\/#\/schema\/logo\/image\/","url":"https:\/\/francevelos.com\/wp-content\/uploads\/2025\/07\/logo-Whit.svg","contentUrl":"https:\/\/francevelos.com\/wp-content\/uploads\/2025\/07\/logo-Whit.svg","width":1640,"height":371,"caption":"MEINRADLADEN"},"image":{"@id":"https:\/\/francevelos.com\/#\/schema\/logo\/image\/"}}]}},"_links":{"self":[{"href":"https:\/\/francevelos.com\/en\/wp-json\/wp\/v2\/pages\/71038","targetHints":{"allow":["GET"]}}],"collection":[{"href":"https:\/\/francevelos.com\/en\/wp-json\/wp\/v2\/pages"}],"about":[{"href":"https:\/\/francevelos.com\/en\/wp-json\/wp\/v2\/types\/page"}],"author":[{"embeddable":true,"href":"https:\/\/francevelos.com\/en\/wp-json\/wp\/v2\/users\/10"}],"replies":[{"embeddable":true,"href":"https:\/\/francevelos.com\/en\/wp-json\/wp\/v2\/comments?post=71038"}],"version-history":[{"count":0,"href":"https:\/\/francevelos.com\/en\/wp-json\/wp\/v2\/pages\/71038\/revisions"}],"wp:attachment":[{"href":"https:\/\/francevelos.com\/en\/wp-json\/wp\/v2\/media?parent=71038"}],"curies":[{"name":"wp","href":"https:\/\/api.w.org\/{rel}","templated":true}]}}