{"id":71044,"date":"2023-03-13T11:41:51","date_gmt":"2023-03-13T10:41:51","guid":{"rendered":"https:\/\/kulturbike.de\/?page_id=71044"},"modified":"2025-08-27T21:12:13","modified_gmt":"2025-08-27T19:12:13","slug":"versand","status":"publish","type":"page","link":"https:\/\/francevelos.com\/en\/versand\/","title":{"rendered":"Versand"},"content":{"rendered":"<div data-elementor-type=\"wp-page\" data-elementor-id=\"71044\" class=\"elementor elementor-71044\">\n\t\t\t\t\t\t<section class=\"elementor-section elementor-top-section elementor-element elementor-element-8e04106 elementor-section-boxed elementor-section-height-default elementor-section-height-default wd-section-disabled\" data-id=\"8e04106\" data-element_type=\"section\">\n\t\t\t\t\t\t<div class=\"elementor-container elementor-column-gap-default\">\n\t\t\t\t\t<div class=\"elementor-column elementor-col-100 elementor-top-column elementor-element elementor-element-0175cad\" data-id=\"0175cad\" data-element_type=\"column\">\n\t\t\t<div class=\"elementor-widget-wrap elementor-element-populated\">\n\t\t\t\t\t\t<div class=\"elementor-element elementor-element-a2ec21f color-scheme-inherit text-left elementor-widget elementor-widget-text-editor\" data-id=\"a2ec21f\" data-element_type=\"widget\" data-widget_type=\"text-editor.default\">\n\t\t\t\t<div class=\"elementor-widget-container\">\n\t\t\t\t\t\t\t\t\t<h2>G\u00f6nnen Sie sich bei MEINRADLADEN etwas!<\/h2>\n<p>MEINRADLADEN bietet Ihnen die Versandkosten:<\/p>\n<p>ohne Mindestbestellwert, mit Lieferung im Gesch\u00e4ft&nbsp;<span style=\"font-family: Cabin, Arial, Helvetica, sans-serif; font-size: 14px; font-style: normal; font-variant-ligatures: normal; font-variant-caps: normal; font-weight: 400;\">MEINRADLADEN<\/span><br>ab 70 \u20ac f\u00fcr alle anderen Liefermethoden, Metropolregion (au\u00dfer Fahrr\u00e4der f\u00fcr Erwachsene).<br>Die Richtpreise werden automatisch entsprechend der Adresse und dem Gewicht der Bestellung angepasst. Wir liefern nach Deutschland und in die Europ\u00e4ische Union.<\/p>\n<p>Ein Produkt auf Lager wird innerhalb von 24 Arbeitsstunden f\u00fcr jede Bestellung, die vor 11:00 Uhr auf unserer Website aufgegeben wird, versandt. Angesichts der aktuellen Gesundheitssituation mussten wir unsere Logistikorganisation neu anpassen, damit unsere Teams in v\u00f6lliger Sicherheit arbeiten k\u00f6nnen. Die Bestellvorbereitungszeiten k\u00f6nnen sich daher verl\u00e4ngern. Wir tun alles, um Ihre Wartezeit zu verk\u00fcrzen und unser Team bleibt bei Bedarf an Ihrer Seite.<br>Z\u00f6gern Sie nicht, uns im freien Feld Ihrer Bestellung mitzuteilen, ob Sie eine Frist f\u00fcr den Erhalt der Ware haben (Geburtstag, Abreise, etc.): Wir werden alles tun, um Sie innerhalb dieser Frist zu beliefern. Wenn Ihnen diese Frist nicht passt, behalten Sie schlie\u00dflich die Kontrolle \u00fcber die Nachverfolgung Ihrer Bestellung.<\/p>\n<p>Stellen Sie Ihren R\u00fccksendeantrag in unserem Kontaktbereich, indem Sie den Grund f\u00fcr das Widerrufsrecht oder die R\u00fccksendung eines neuen Produkts ausw\u00e4hlen.<br>Sie erhalten direkt eine Best\u00e4tigungs-E-Mail mit allen Erl\u00e4uterungen.<br>Bestellen Sie bis 18:00 Uhr f\u00fcr die Versandmethoden Chronopost Domicile, Chronopost Point-Relais und Chronopost nach Vereinbarung am Sonntag inklusive, und bis 15:00 Uhr f\u00fcr alle anderen Versandmethoden, Ihre Bestellung wird noch am selben Tag mit Sendungsverfolgung versendet! (18)<\/p>\n<p>Um Sie so schnell wie m\u00f6glich zu beliefern, wird unser Logistikteam automatisch organisiert, sobald Ihre Bestellung validiert ist. Dies erm\u00f6glicht es uns, Ihre Bestellung f\u00fcr alle Bestellungen, die vor 18.00 Uhr f\u00fcr die Versandarten Chronopost Domicile, Chronopost Point-Relais und Chronopost nach Vereinbarung validiert wurden, noch am selben Tag zu versenden, Sonntag inklusive und bis 15.00 Uhr f\u00fcr alle anderen Versandarten. Bestellungen, die am Wochenende ab Freitag 18.00 Uhr f\u00fcr die Versandarten Chronopost Domicile und Chronopost Relais und ab 15.00 Uhr f\u00fcr alle anderen Versandarten aufgegeben werden, werden am Montag versandt. (18)<\/p>\n<p>Auftragsabwicklung<br>Nach erfolgter Bestellung erhalten Sie daher folgende E-Mails:<\/p>\n<p>Bestellbest\u00e4tigung<br>Versandbest\u00e4tigung Ihrer Bestellung<br>Bei Fragen zum Ablauf Ihrer Bestellung stehen wir Ihnen gerne zur Verf\u00fcgung.<\/p>\t\t\t\t\t\t\t\t<\/div>\n\t\t\t\t<\/div>\n\t\t\t\t\t<\/div>\n\t\t<\/div>\n\t\t\t\t\t<\/div>\n\t\t<\/section>\n\t\t\t\t<\/div>","protected":false},"excerpt":{"rendered":"<p>G\u00f6nnen Sie sich bei MEINRADLADEN etwas! MEINRADLADEN bietet Ihnen die Versandkosten: ohne Mindestbestellwert, mit Lieferung im Gesch\u00e4ft&nbsp;MEINRADLADENab 70 \u20ac f\u00fcr<\/p>","protected":false},"author":10,"featured_media":0,"parent":0,"menu_order":0,"comment_status":"closed","ping_status":"closed","template":"","meta":{"_rtcl_gb_attr":"","footnotes":""},"class_list":["post-71044","page","type-page","status-publish","hentry"],"yoast_head":"<!-- This site is optimized with the Yoast SEO Premium plugin v20.12 (Yoast SEO v25.8) - https:\/\/yoast.com\/wordpress\/plugins\/seo\/ -->\n<title>Versand - meinradladen.com<\/title>\n<meta name=\"description\" content=\"Entdecken Sie unseren Online-Fahrradladen: Gro\u00dfe Auswahl an Modellen f\u00fcr alle Radsportbegeisterten. Von Rennr\u00e4dern bis zu Mountainbikes - finden Sie heute Ihren perfekten Wegbegleiter!\" \/>\n<meta name=\"robots\" content=\"index, follow, max-snippet:-1, max-image-preview:large, max-video-preview:-1\" \/>\n<link rel=\"canonical\" href=\"https:\/\/francevelos.com\/en\/versand\/\" \/>\n<meta property=\"og:locale\" content=\"en_US\" \/>\n<meta property=\"og:type\" content=\"article\" \/>\n<meta property=\"og:title\" content=\"Versand\" \/>\n<meta property=\"og:description\" content=\"Entdecken Sie unseren Online-Fahrradladen: Gro\u00dfe Auswahl an Modellen f\u00fcr alle Radsportbegeisterten. Von Rennr\u00e4dern bis zu Mountainbikes - finden Sie heute Ihren perfekten Wegbegleiter!\" \/>\n<meta property=\"og:url\" content=\"https:\/\/francevelos.com\/en\/versand\/\" \/>\n<meta property=\"og:site_name\" content=\"meinradladen.com\" \/>\n<meta property=\"article:modified_time\" content=\"2025-08-27T19:12:13+00:00\" \/>\n<meta property=\"og:image\" content=\"https:\/\/francevelos.com\/wp-content\/uploads\/2025\/07\/trekking.webp\" \/>\n\t<meta property=\"og:image:width\" content=\"640\" \/>\n\t<meta property=\"og:image:height\" content=\"426\" \/>\n\t<meta property=\"og:image:type\" content=\"image\/webp\" \/>\n<meta name=\"twitter:card\" content=\"summary_large_image\" \/>\n<meta name=\"twitter:label1\" content=\"Est. reading time\" \/>\n\t<meta name=\"twitter:data1\" content=\"2 minutes\" \/>\n<script type=\"application\/ld+json\" class=\"yoast-schema-graph\">{\"@context\":\"https:\/\/schema.org\",\"@graph\":[{\"@type\":\"WebPage\",\"@id\":\"https:\/\/francevelos.com\/versand\/\",\"url\":\"https:\/\/francevelos.com\/versand\/\",\"name\":\"Versand - meinradladen.com\",\"isPartOf\":{\"@id\":\"https:\/\/francevelos.com\/#website\"},\"datePublished\":\"2023-03-13T10:41:51+00:00\",\"dateModified\":\"2025-08-27T19:12:13+00:00\",\"description\":\"Entdecken Sie unseren Online-Fahrradladen: Gro\u00dfe Auswahl an Modellen f\u00fcr alle Radsportbegeisterten. Von Rennr\u00e4dern bis zu Mountainbikes - finden Sie heute Ihren perfekten Wegbegleiter!\",\"breadcrumb\":{\"@id\":\"https:\/\/francevelos.com\/versand\/#breadcrumb\"},\"inLanguage\":\"en-US\",\"potentialAction\":[{\"@type\":\"ReadAction\",\"target\":[\"https:\/\/francevelos.com\/versand\/\"]}]},{\"@type\":\"BreadcrumbList\",\"@id\":\"https:\/\/francevelos.com\/versand\/#breadcrumb\",\"itemListElement\":[{\"@type\":\"ListItem\",\"position\":1,\"name\":\"Startseite\",\"item\":\"https:\/\/francevelos.com\/\"},{\"@type\":\"ListItem\",\"position\":2,\"name\":\"Versand\"}]},{\"@type\":\"WebSite\",\"@id\":\"https:\/\/francevelos.com\/#website\",\"url\":\"https:\/\/francevelos.com\/\",\"name\":\"meinradladen.com\",\"description\":\"Treten Sie mit uns ins Abenteuer!\",\"publisher\":{\"@id\":\"https:\/\/francevelos.com\/#organization\"},\"alternateName\":\"MEIN RADLADEN\",\"potentialAction\":[{\"@type\":\"SearchAction\",\"target\":{\"@type\":\"EntryPoint\",\"urlTemplate\":\"https:\/\/francevelos.com\/?s={search_term_string}\"},\"query-input\":{\"@type\":\"PropertyValueSpecification\",\"valueRequired\":true,\"valueName\":\"search_term_string\"}}],\"inLanguage\":\"en-US\"},{\"@type\":\"Organization\",\"@id\":\"https:\/\/francevelos.com\/#organization\",\"name\":\"MEINRADLADEN\",\"alternateName\":\"MEIN RADLADEN\",\"url\":\"https:\/\/francevelos.com\/\",\"logo\":{\"@type\":\"ImageObject\",\"inLanguage\":\"en-US\",\"@id\":\"https:\/\/francevelos.com\/#\/schema\/logo\/image\/\",\"url\":\"https:\/\/francevelos.com\/wp-content\/uploads\/2025\/07\/logo-Whit.svg\",\"contentUrl\":\"https:\/\/francevelos.com\/wp-content\/uploads\/2025\/07\/logo-Whit.svg\",\"width\":1640,\"height\":371,\"caption\":\"MEINRADLADEN\"},\"image\":{\"@id\":\"https:\/\/francevelos.com\/#\/schema\/logo\/image\/\"}}]}<\/script>\n<!-- \/ Yoast SEO Premium plugin. -->","yoast_head_json":{"title":"Versand - meinradladen.com","description":"Entdecken Sie unseren Online-Fahrradladen: Gro\u00dfe Auswahl an Modellen f\u00fcr alle Radsportbegeisterten. Von Rennr\u00e4dern bis zu Mountainbikes - finden Sie heute Ihren perfekten Wegbegleiter!","robots":{"index":"index","follow":"follow","max-snippet":"max-snippet:-1","max-image-preview":"max-image-preview:large","max-video-preview":"max-video-preview:-1"},"canonical":"https:\/\/francevelos.com\/en\/versand\/","og_locale":"en_US","og_type":"article","og_title":"Versand","og_description":"Entdecken Sie unseren Online-Fahrradladen: Gro\u00dfe Auswahl an Modellen f\u00fcr alle Radsportbegeisterten. Von Rennr\u00e4dern bis zu Mountainbikes - finden Sie heute Ihren perfekten Wegbegleiter!","og_url":"https:\/\/francevelos.com\/en\/versand\/","og_site_name":"meinradladen.com","article_modified_time":"2025-08-27T19:12:13+00:00","og_image":[{"width":640,"height":426,"url":"https:\/\/francevelos.com\/wp-content\/uploads\/2025\/07\/trekking.webp","type":"image\/webp"}],"twitter_card":"summary_large_image","twitter_misc":{"Est. reading time":"2 minutes"},"schema":{"@context":"https:\/\/schema.org","@graph":[{"@type":"WebPage","@id":"https:\/\/francevelos.com\/versand\/","url":"https:\/\/francevelos.com\/versand\/","name":"Versand - meinradladen.com","isPartOf":{"@id":"https:\/\/francevelos.com\/#website"},"datePublished":"2023-03-13T10:41:51+00:00","dateModified":"2025-08-27T19:12:13+00:00","description":"Entdecken Sie unseren Online-Fahrradladen: Gro\u00dfe Auswahl an Modellen f\u00fcr alle Radsportbegeisterten. Von Rennr\u00e4dern bis zu Mountainbikes - finden Sie heute Ihren perfekten Wegbegleiter!","breadcrumb":{"@id":"https:\/\/francevelos.com\/versand\/#breadcrumb"},"inLanguage":"en-US","potentialAction":[{"@type":"ReadAction","target":["https:\/\/francevelos.com\/versand\/"]}]},{"@type":"BreadcrumbList","@id":"https:\/\/francevelos.com\/versand\/#breadcrumb","itemListElement":[{"@type":"ListItem","position":1,"name":"Startseite","item":"https:\/\/francevelos.com\/"},{"@type":"ListItem","position":2,"name":"Versand"}]},{"@type":"WebSite","@id":"https:\/\/francevelos.com\/#website","url":"https:\/\/francevelos.com\/","name":"meinradladen.com","description":"Treten Sie mit uns ins Abenteuer!","publisher":{"@id":"https:\/\/francevelos.com\/#organization"},"alternateName":"MEIN RADLADEN","potentialAction":[{"@type":"SearchAction","target":{"@type":"EntryPoint","urlTemplate":"https:\/\/francevelos.com\/?s={search_term_string}"},"query-input":{"@type":"PropertyValueSpecification","valueRequired":true,"valueName":"search_term_string"}}],"inLanguage":"en-US"},{"@type":"Organization","@id":"https:\/\/francevelos.com\/#organization","name":"MEINRADLADEN","alternateName":"MEIN RADLADEN","url":"https:\/\/francevelos.com\/","logo":{"@type":"ImageObject","inLanguage":"en-US","@id":"https:\/\/francevelos.com\/#\/schema\/logo\/image\/","url":"https:\/\/francevelos.com\/wp-content\/uploads\/2025\/07\/logo-Whit.svg","contentUrl":"https:\/\/francevelos.com\/wp-content\/uploads\/2025\/07\/logo-Whit.svg","width":1640,"height":371,"caption":"MEINRADLADEN"},"image":{"@id":"https:\/\/francevelos.com\/#\/schema\/logo\/image\/"}}]}},"_links":{"self":[{"href":"https:\/\/francevelos.com\/en\/wp-json\/wp\/v2\/pages\/71044","targetHints":{"allow":["GET"]}}],"collection":[{"href":"https:\/\/francevelos.com\/en\/wp-json\/wp\/v2\/pages"}],"about":[{"href":"https:\/\/francevelos.com\/en\/wp-json\/wp\/v2\/types\/page"}],"author":[{"embeddable":true,"href":"https:\/\/francevelos.com\/en\/wp-json\/wp\/v2\/users\/10"}],"replies":[{"embeddable":true,"href":"https:\/\/francevelos.com\/en\/wp-json\/wp\/v2\/comments?post=71044"}],"version-history":[{"count":0,"href":"https:\/\/francevelos.com\/en\/wp-json\/wp\/v2\/pages\/71044\/revisions"}],"wp:attachment":[{"href":"https:\/\/francevelos.com\/en\/wp-json\/wp\/v2\/media?parent=71044"}],"curies":[{"name":"wp","href":"https:\/\/api.w.org\/{rel}","templated":true}]}}