{"id":86363,"date":"2026-01-16T18:37:06","date_gmt":"2026-01-16T17:37:06","guid":{"rendered":"https:\/\/francevelos.com\/?post_type=product&#038;p=86363"},"modified":"2026-01-16T18:37:07","modified_gmt":"2026-01-16T17:37:07","slug":"https-electro-confort-com-produit-cave-a-vin-vieillissementliebherrwpbli5231-20","status":"publish","type":"product","link":"https:\/\/francevelos.com\/en\/product\/https-electro-confort-com-produit-cave-a-vin-vieillissementliebherrwpbli5231-20\/","title":{"rendered":"Cave \u00e0 vin vieillissement\tLIEBHERR\t WPBLI5231-20"},"content":{"rendered":"","protected":false},"excerpt":{"rendered":"","protected":false},"featured_media":86364,"comment_status":"open","ping_status":"closed","template":"","meta":{"_rtcl_gb_attr":""},"product_brand":[],"product_cat":[],"product_tag":[],"class_list":{"0":"post-86363","1":"product","2":"type-product","3":"status-publish","4":"has-post-thumbnail","7":"first","8":"instock","9":"taxable","10":"shipping-taxable","11":"product-type-simple"},"yoast_head":"<!-- This site is optimized with the Yoast SEO Premium plugin v20.12 (Yoast SEO v25.8) - https:\/\/yoast.com\/wordpress\/plugins\/seo\/ -->\n<title>Cave \u00e0 vin vieillissement LIEBHERR WPBLI5231-20<\/title>\n<meta name=\"description\" content=\"Entdecken Sie unseren Online-Fahrradladen: Gro\u00dfe Auswahl an Modellen f\u00fcr alle Radsportbegeisterten. Von Rennr\u00e4dern bis zu Mountainbikes - finden Sie heute Ihren perfekten Wegbegleiter!\" \/>\n<meta name=\"robots\" content=\"index, follow, max-snippet:-1, max-image-preview:large, max-video-preview:-1\" \/>\n<link rel=\"canonical\" href=\"https:\/\/francevelos.com\/en\/product\/https-electro-confort-com-produit-cave-a-vin-vieillissementliebherrwpbli5231-20\/\" \/>\n<meta property=\"og:locale\" content=\"en_US\" \/>\n<meta property=\"og:type\" content=\"article\" \/>\n<meta property=\"og:title\" content=\"Cave \u00e0 vin vieillissement LIEBHERR WPBLI5231-20\" \/>\n<meta property=\"og:description\" content=\"Entdecken Sie unseren Online-Fahrradladen: Gro\u00dfe Auswahl an Modellen f\u00fcr alle Radsportbegeisterten. Von Rennr\u00e4dern bis zu Mountainbikes - finden Sie heute Ihren perfekten Wegbegleiter!\" \/>\n<meta property=\"og:url\" content=\"https:\/\/francevelos.com\/en\/product\/https-electro-confort-com-produit-cave-a-vin-vieillissementliebherrwpbli5231-20\/\" \/>\n<meta property=\"og:site_name\" content=\"meinradladen.com\" \/>\n<meta property=\"article:modified_time\" content=\"2026-01-16T17:37:07+00:00\" \/>\n<meta property=\"og:image\" content=\"https:\/\/francevelos.com\/wp-content\/uploads\/2025\/07\/trekking.webp\" \/>\n\t<meta property=\"og:image:width\" content=\"640\" \/>\n\t<meta property=\"og:image:height\" content=\"426\" \/>\n\t<meta property=\"og:image:type\" content=\"image\/webp\" \/>\n<meta name=\"twitter:card\" content=\"summary_large_image\" \/>\n<script type=\"application\/ld+json\" class=\"yoast-schema-graph\">{\"@context\":\"https:\/\/schema.org\",\"@graph\":[{\"@type\":\"WebPage\",\"@id\":\"https:\/\/francevelos.com\/produkt\/https-electro-confort-com-produit-cave-a-vin-vieillissementliebherrwpbli5231-20\/\",\"url\":\"https:\/\/francevelos.com\/produkt\/https-electro-confort-com-produit-cave-a-vin-vieillissementliebherrwpbli5231-20\/\",\"name\":\"Cave \u00e0 vin vieillissement LIEBHERR WPBLI5231-20\",\"isPartOf\":{\"@id\":\"https:\/\/francevelos.com\/#website\"},\"primaryImageOfPage\":{\"@id\":\"https:\/\/francevelos.com\/produkt\/https-electro-confort-com-produit-cave-a-vin-vieillissementliebherrwpbli5231-20\/#primaryimage\"},\"image\":{\"@id\":\"https:\/\/francevelos.com\/produkt\/https-electro-confort-com-produit-cave-a-vin-vieillissementliebherrwpbli5231-20\/#primaryimage\"},\"thumbnailUrl\":\"https:\/\/francevelos.com\/wp-content\/uploads\/2026\/01\/D-10401-300x300-1.webp\",\"datePublished\":\"2026-01-16T17:37:06+00:00\",\"dateModified\":\"2026-01-16T17:37:07+00:00\",\"description\":\"Entdecken Sie unseren Online-Fahrradladen: Gro\u00dfe Auswahl an Modellen f\u00fcr alle Radsportbegeisterten. Von Rennr\u00e4dern bis zu Mountainbikes - finden Sie heute Ihren perfekten Wegbegleiter!\",\"breadcrumb\":{\"@id\":\"https:\/\/francevelos.com\/produkt\/https-electro-confort-com-produit-cave-a-vin-vieillissementliebherrwpbli5231-20\/#breadcrumb\"},\"inLanguage\":\"en-US\",\"potentialAction\":[{\"@type\":\"ReadAction\",\"target\":[\"https:\/\/francevelos.com\/produkt\/https-electro-confort-com-produit-cave-a-vin-vieillissementliebherrwpbli5231-20\/\"]}]},{\"@type\":\"ImageObject\",\"inLanguage\":\"en-US\",\"@id\":\"https:\/\/francevelos.com\/produkt\/https-electro-confort-com-produit-cave-a-vin-vieillissementliebherrwpbli5231-20\/#primaryimage\",\"url\":\"https:\/\/francevelos.com\/wp-content\/uploads\/2026\/01\/D-10401-300x300-1.webp\",\"contentUrl\":\"https:\/\/francevelos.com\/wp-content\/uploads\/2026\/01\/D-10401-300x300-1.webp\",\"width\":300,\"height\":300},{\"@type\":\"BreadcrumbList\",\"@id\":\"https:\/\/francevelos.com\/produkt\/https-electro-confort-com-produit-cave-a-vin-vieillissementliebherrwpbli5231-20\/#breadcrumb\",\"itemListElement\":[{\"@type\":\"ListItem\",\"position\":1,\"name\":\"Startseite\",\"item\":\"https:\/\/francevelos.com\/\"},{\"@type\":\"ListItem\",\"position\":2,\"name\":\"LADEN\",\"item\":\"https:\/\/francevelos.com\/laden\/\"},{\"@type\":\"ListItem\",\"position\":3,\"name\":\"Cave \u00e0 vin vieillissement LIEBHERR WPBLI5231-20\"}]},{\"@type\":\"WebSite\",\"@id\":\"https:\/\/francevelos.com\/#website\",\"url\":\"https:\/\/francevelos.com\/\",\"name\":\"meinradladen.com\",\"description\":\"Treten Sie mit uns ins Abenteuer!\",\"publisher\":{\"@id\":\"https:\/\/francevelos.com\/#organization\"},\"alternateName\":\"MEIN RADLADEN\",\"potentialAction\":[{\"@type\":\"SearchAction\",\"target\":{\"@type\":\"EntryPoint\",\"urlTemplate\":\"https:\/\/francevelos.com\/?s={search_term_string}\"},\"query-input\":{\"@type\":\"PropertyValueSpecification\",\"valueRequired\":true,\"valueName\":\"search_term_string\"}}],\"inLanguage\":\"en-US\"},{\"@type\":\"Organization\",\"@id\":\"https:\/\/francevelos.com\/#organization\",\"name\":\"MEINRADLADEN\",\"alternateName\":\"MEIN RADLADEN\",\"url\":\"https:\/\/francevelos.com\/\",\"logo\":{\"@type\":\"ImageObject\",\"inLanguage\":\"en-US\",\"@id\":\"https:\/\/francevelos.com\/#\/schema\/logo\/image\/\",\"url\":\"https:\/\/francevelos.com\/wp-content\/uploads\/2025\/07\/logo-Whit.svg\",\"contentUrl\":\"https:\/\/francevelos.com\/wp-content\/uploads\/2025\/07\/logo-Whit.svg\",\"width\":1640,\"height\":371,\"caption\":\"MEINRADLADEN\"},\"image\":{\"@id\":\"https:\/\/francevelos.com\/#\/schema\/logo\/image\/\"}}]}<\/script>\n<!-- \/ Yoast SEO Premium plugin. -->","yoast_head_json":{"title":"Cave \u00e0 vin vieillissement LIEBHERR WPBLI5231-20","description":"Entdecken Sie unseren Online-Fahrradladen: Gro\u00dfe Auswahl an Modellen f\u00fcr alle Radsportbegeisterten. Von Rennr\u00e4dern bis zu Mountainbikes - finden Sie heute Ihren perfekten Wegbegleiter!","robots":{"index":"index","follow":"follow","max-snippet":"max-snippet:-1","max-image-preview":"max-image-preview:large","max-video-preview":"max-video-preview:-1"},"canonical":"https:\/\/francevelos.com\/en\/product\/https-electro-confort-com-produit-cave-a-vin-vieillissementliebherrwpbli5231-20\/","og_locale":"en_US","og_type":"article","og_title":"Cave \u00e0 vin vieillissement LIEBHERR WPBLI5231-20","og_description":"Entdecken Sie unseren Online-Fahrradladen: Gro\u00dfe Auswahl an Modellen f\u00fcr alle Radsportbegeisterten. Von Rennr\u00e4dern bis zu Mountainbikes - finden Sie heute Ihren perfekten Wegbegleiter!","og_url":"https:\/\/francevelos.com\/en\/product\/https-electro-confort-com-produit-cave-a-vin-vieillissementliebherrwpbli5231-20\/","og_site_name":"meinradladen.com","article_modified_time":"2026-01-16T17:37:07+00:00","og_image":[{"width":640,"height":426,"url":"https:\/\/francevelos.com\/wp-content\/uploads\/2025\/07\/trekking.webp","type":"image\/webp"}],"twitter_card":"summary_large_image","schema":{"@context":"https:\/\/schema.org","@graph":[{"@type":"WebPage","@id":"https:\/\/francevelos.com\/produkt\/https-electro-confort-com-produit-cave-a-vin-vieillissementliebherrwpbli5231-20\/","url":"https:\/\/francevelos.com\/produkt\/https-electro-confort-com-produit-cave-a-vin-vieillissementliebherrwpbli5231-20\/","name":"Cave \u00e0 vin vieillissement LIEBHERR WPBLI5231-20","isPartOf":{"@id":"https:\/\/francevelos.com\/#website"},"primaryImageOfPage":{"@id":"https:\/\/francevelos.com\/produkt\/https-electro-confort-com-produit-cave-a-vin-vieillissementliebherrwpbli5231-20\/#primaryimage"},"image":{"@id":"https:\/\/francevelos.com\/produkt\/https-electro-confort-com-produit-cave-a-vin-vieillissementliebherrwpbli5231-20\/#primaryimage"},"thumbnailUrl":"https:\/\/francevelos.com\/wp-content\/uploads\/2026\/01\/D-10401-300x300-1.webp","datePublished":"2026-01-16T17:37:06+00:00","dateModified":"2026-01-16T17:37:07+00:00","description":"Entdecken Sie unseren Online-Fahrradladen: Gro\u00dfe Auswahl an Modellen f\u00fcr alle Radsportbegeisterten. Von Rennr\u00e4dern bis zu Mountainbikes - finden Sie heute Ihren perfekten Wegbegleiter!","breadcrumb":{"@id":"https:\/\/francevelos.com\/produkt\/https-electro-confort-com-produit-cave-a-vin-vieillissementliebherrwpbli5231-20\/#breadcrumb"},"inLanguage":"en-US","potentialAction":[{"@type":"ReadAction","target":["https:\/\/francevelos.com\/produkt\/https-electro-confort-com-produit-cave-a-vin-vieillissementliebherrwpbli5231-20\/"]}]},{"@type":"ImageObject","inLanguage":"en-US","@id":"https:\/\/francevelos.com\/produkt\/https-electro-confort-com-produit-cave-a-vin-vieillissementliebherrwpbli5231-20\/#primaryimage","url":"https:\/\/francevelos.com\/wp-content\/uploads\/2026\/01\/D-10401-300x300-1.webp","contentUrl":"https:\/\/francevelos.com\/wp-content\/uploads\/2026\/01\/D-10401-300x300-1.webp","width":300,"height":300},{"@type":"BreadcrumbList","@id":"https:\/\/francevelos.com\/produkt\/https-electro-confort-com-produit-cave-a-vin-vieillissementliebherrwpbli5231-20\/#breadcrumb","itemListElement":[{"@type":"ListItem","position":1,"name":"Startseite","item":"https:\/\/francevelos.com\/"},{"@type":"ListItem","position":2,"name":"LADEN","item":"https:\/\/francevelos.com\/laden\/"},{"@type":"ListItem","position":3,"name":"Cave \u00e0 vin vieillissement LIEBHERR WPBLI5231-20"}]},{"@type":"WebSite","@id":"https:\/\/francevelos.com\/#website","url":"https:\/\/francevelos.com\/","name":"meinradladen.com","description":"Treten Sie mit uns ins Abenteuer!","publisher":{"@id":"https:\/\/francevelos.com\/#organization"},"alternateName":"MEIN RADLADEN","potentialAction":[{"@type":"SearchAction","target":{"@type":"EntryPoint","urlTemplate":"https:\/\/francevelos.com\/?s={search_term_string}"},"query-input":{"@type":"PropertyValueSpecification","valueRequired":true,"valueName":"search_term_string"}}],"inLanguage":"en-US"},{"@type":"Organization","@id":"https:\/\/francevelos.com\/#organization","name":"MEINRADLADEN","alternateName":"MEIN RADLADEN","url":"https:\/\/francevelos.com\/","logo":{"@type":"ImageObject","inLanguage":"en-US","@id":"https:\/\/francevelos.com\/#\/schema\/logo\/image\/","url":"https:\/\/francevelos.com\/wp-content\/uploads\/2025\/07\/logo-Whit.svg","contentUrl":"https:\/\/francevelos.com\/wp-content\/uploads\/2025\/07\/logo-Whit.svg","width":1640,"height":371,"caption":"MEINRADLADEN"},"image":{"@id":"https:\/\/francevelos.com\/#\/schema\/logo\/image\/"}}]}},"_links":{"self":[{"href":"https:\/\/francevelos.com\/en\/wp-json\/wp\/v2\/product\/86363","targetHints":{"allow":["GET"]}}],"collection":[{"href":"https:\/\/francevelos.com\/en\/wp-json\/wp\/v2\/product"}],"about":[{"href":"https:\/\/francevelos.com\/en\/wp-json\/wp\/v2\/types\/product"}],"replies":[{"embeddable":true,"href":"https:\/\/francevelos.com\/en\/wp-json\/wp\/v2\/comments?post=86363"}],"version-history":[{"count":0,"href":"https:\/\/francevelos.com\/en\/wp-json\/wp\/v2\/product\/86363\/revisions"}],"wp:featuredmedia":[{"embeddable":true,"href":"https:\/\/francevelos.com\/en\/wp-json\/wp\/v2\/media\/86364"}],"wp:attachment":[{"href":"https:\/\/francevelos.com\/en\/wp-json\/wp\/v2\/media?parent=86363"}],"wp:term":[{"taxonomy":"product_brand","embeddable":true,"href":"https:\/\/francevelos.com\/en\/wp-json\/wp\/v2\/product_brand?post=86363"},{"taxonomy":"product_cat","embeddable":true,"href":"https:\/\/francevelos.com\/en\/wp-json\/wp\/v2\/product_cat?post=86363"},{"taxonomy":"product_tag","embeddable":true,"href":"https:\/\/francevelos.com\/en\/wp-json\/wp\/v2\/product_tag?post=86363"}],"curies":[{"name":"wp","href":"https:\/\/api.w.org\/{rel}","templated":true}]}}